{"id":1140,"date":"2023-11-06T16:40:49","date_gmt":"2023-11-06T15:40:49","guid":{"rendered":"https:\/\/expocoruna.com\/perfil-contratante\/"},"modified":"2024-10-15T15:09:35","modified_gmt":"2024-10-15T13:09:35","slug":"perfil-contratante","status":"publish","type":"page","link":"https:\/\/expocoruna.com\/gl\/perfil-contratante\/","title":{"rendered":"Perfil contratante."},"content":{"rendered":"<p>[et_pb_section fb_built=&#8221;1&#8243; custom_padding_last_edited=&#8221;off|desktop&#8221; admin_label=&#8221;CABECERA CON FOTO&#8221; _builder_version=&#8221;4.23&#8243; _dynamic_attributes=&#8221;background_image&#8221; use_background_color_gradient=&#8221;on&#8221; background_color_gradient_stops=&#8221;#ff0000 0%|rgba(255,255,255,0) 99%&#8221; background_color_gradient_overlays_image=&#8221;on&#8221; background_image=&#8221;@ET-DC@eyJkeW5hbWljIjp0cnVlLCJjb250ZW50IjoicG9zdF9mZWF0dXJlZF9pbWFnZSIsInNldHRpbmdzIjp7fX0=@&#8221; background_position=&#8221;top_center&#8221; custom_margin=&#8221;0px||8rem||false|false&#8221; custom_padding=&#8221;20rem||20rem||true|false&#8221; custom_padding_tablet=&#8221;12rem||12rem||true|false&#8221; custom_padding_phone=&#8221;10rem||10rem||true|false&#8221; saved_tabs=&#8221;all&#8221; global_colors_info=&#8221;{}&#8221;][et_pb_row _builder_version=&#8221;4.23&#8243; _module_preset=&#8221;default&#8221; global_colors_info=&#8221;{}&#8221;][et_pb_column type=&#8221;4_4&#8243; _builder_version=&#8221;4.23&#8243; _module_preset=&#8221;default&#8221; global_colors_info=&#8221;{}&#8221;][et_pb_post_title meta=&#8221;off&#8221; featured_image=&#8221;off&#8221; text_color=&#8221;light&#8221; _builder_version=&#8221;4.23&#8243; _module_preset=&#8221;default&#8221; text_orientation=&#8221;center&#8221; global_colors_info=&#8221;{}&#8221;][\/et_pb_post_title][\/et_pb_column][\/et_pb_row][\/et_pb_section][et_pb_section fb_built=&#8221;1&#8243; admin_label=&#8221;contrataci\u00f3n&#8221; _builder_version=&#8221;4.23&#8243; _module_preset=&#8221;default&#8221; custom_margin=&#8221;0px||6rem||false|false&#8221; custom_padding=&#8221;0px||0px||false|false&#8221; global_colors_info=&#8221;{}&#8221;][et_pb_row column_structure=&#8221;3_5,2_5&#8243; _builder_version=&#8221;4.23&#8243; _module_preset=&#8221;default&#8221; custom_margin=&#8221;0px||16px||false|false&#8221; custom_padding=&#8221;0px||0px||false|false&#8221; hover_enabled=&#8221;0&#8243; global_colors_info=&#8221;{}&#8221; disabled_on=&#8221;on|on|on&#8221; disabled=&#8221;on&#8221; sticky_enabled=&#8221;0&#8243;][et_pb_column type=&#8221;3_5&#8243; _builder_version=&#8221;4.23&#8243; _module_preset=&#8221;default&#8221; global_colors_info=&#8221;{}&#8221;][et_pb_text _builder_version=&#8221;4.23&#8243; _module_preset=&#8221;default&#8221; max_width=&#8221;780px&#8221; max_width_tablet=&#8221;100%&#8221; max_width_phone=&#8221;100%&#8221; max_width_last_edited=&#8221;on|tablet&#8221; custom_margin=&#8221;0px||0px||false|false&#8221; custom_padding=&#8221;0px||0px||false|false&#8221; global_colors_info=&#8221;{}&#8221;]<\/p>\n<p>EXPOCoru\u00f1a require da contrataci\u00f3n dos seguintes servizos a terceiros que aparecen a continuaci\u00f3n.<\/p>\n<p>Calquera d\u00fabida p\u00f3\u00f1ase en contacto connosco.<\/p>\n<p>Pode consultar as condici\u00f3ns internas de contrataci\u00f3n descargando os documentos adxuntos.<\/p>\n<p>[\/et_pb_text][\/et_pb_column][et_pb_column type=&#8221;2_5&#8243; _builder_version=&#8221;4.23&#8243; _module_preset=&#8221;default&#8221; global_colors_info=&#8221;{}&#8221;][et_pb_text _builder_version=&#8221;4.23&#8243; _module_preset=&#8221;default&#8221; custom_margin=&#8221;0px||2rem||false|false&#8221; custom_margin_tablet=&#8221;0px||2rem||false|false&#8221; custom_margin_phone=&#8221;0px||1rem||false|false&#8221; custom_margin_last_edited=&#8221;on|tablet&#8221; custom_padding=&#8221;0px||0px||false|false&#8221; global_colors_info=&#8221;{}&#8221;]<\/p>\n<h2 class=\"tx-rojo subtitle-h3\">Instrucci\u00f3ns de contrataci\u00f3n.<\/h2>\n<p>[\/et_pb_text][et_pb_button button_url=&#8221;@ET-DC@eyJkeW5hbWljIjp0cnVlLCJjb250ZW50IjoicG9zdF9saW5rX3VybF9hdHRhY2htZW50Iiwic2V0dGluZ3MiOnsicG9zdF9pZCI6IjI5NiJ9fQ==@&#8221; url_new_window=&#8221;on&#8221; button_text=&#8221;Descargar o documento&#8221; button_alignment=&#8221;left&#8221; _builder_version=&#8221;4.23&#8243; _dynamic_attributes=&#8221;button_url&#8221; _module_preset=&#8221;default&#8221; custom_margin=&#8221;0rem||3rem||false|false&#8221; global_colors_info=&#8221;{}&#8221;][\/et_pb_button][et_pb_text _builder_version=&#8221;4.23&#8243; _module_preset=&#8221;default&#8221; custom_margin=&#8221;0px||2rem||false|false&#8221; custom_margin_tablet=&#8221;0px||2rem||false|false&#8221; custom_margin_phone=&#8221;0px||1rem||false|false&#8221; custom_margin_last_edited=&#8221;on|tablet&#8221; custom_padding=&#8221;0px||0px||false|false&#8221; global_colors_info=&#8221;{}&#8221;]<\/p>\n<h2 class=\"tx-rojo subtitle-h3\">Procesos de contrataci\u00f3n abertos.<\/h2>\n<p>[\/et_pb_text][et_pb_text _builder_version=&#8221;4.23&#8243; _module_preset=&#8221;default&#8221; custom_margin=&#8221;0px||0px||false|false&#8221; custom_padding=&#8221;0px||0px||false|false&#8221; global_colors_info=&#8221;{}&#8221;]<\/p>\n<p><span class=\"gris \">Neste momento non temos procesos de contrataci\u00f3n abertos.<\/span><\/p>\n<p>[\/et_pb_text][\/et_pb_column][\/et_pb_row][et_pb_row column_structure=&#8221;1_2,1_2&#8243; _builder_version=&#8221;4.23&#8243; _module_preset=&#8221;default&#8221; custom_margin=&#8221;0px||16px||false|false&#8221; custom_padding=&#8221;0px||0px||false|false&#8221; global_colors_info=&#8221;{}&#8221; locked=&#8221;off&#8221;][et_pb_column type=&#8221;1_2&#8243; _builder_version=&#8221;4.23&#8243; _module_preset=&#8221;default&#8221; global_colors_info=&#8221;{}&#8221;][et_pb_text _builder_version=&#8221;4.23&#8243; _module_preset=&#8221;default&#8221; custom_margin=&#8221;0px||2rem||false|false&#8221; custom_margin_tablet=&#8221;0px||2rem||false|false&#8221; custom_margin_phone=&#8221;0px||1rem||false|false&#8221; custom_margin_last_edited=&#8221;on|tablet&#8221; custom_padding=&#8221;0px||0px||false|false&#8221; global_colors_info=&#8221;{}&#8221;]<\/p>\n<h2 class=\"tx-rojo subtitle-h3\">Instrucci\u00f3ns de contrataci\u00f3n.<\/h2>\n<p>[\/et_pb_text][et_pb_button button_url=&#8221;@ET-DC@eyJkeW5hbWljIjp0cnVlLCJjb250ZW50IjoicG9zdF9saW5rX3VybF9hdHRhY2htZW50Iiwic2V0dGluZ3MiOnsicG9zdF9pZCI6IjI5NiJ9fQ==@&#8221; url_new_window=&#8221;on&#8221; button_text=&#8221;Descargar o documento&#8221; button_alignment=&#8221;left&#8221; _builder_version=&#8221;4.23&#8243; _dynamic_attributes=&#8221;button_url&#8221; _module_preset=&#8221;default&#8221; custom_margin=&#8221;0rem||3rem||false|false&#8221; global_colors_info=&#8221;{}&#8221;][\/et_pb_button][et_pb_text _builder_version=&#8221;4.23&#8243; _module_preset=&#8221;default&#8221; custom_margin=&#8221;0px||2rem||false|false&#8221; custom_margin_tablet=&#8221;0px||2rem||false|false&#8221; custom_margin_phone=&#8221;0px||1rem||false|false&#8221; custom_margin_last_edited=&#8221;on|tablet&#8221; custom_padding=&#8221;0px||0px||false|false&#8221; global_colors_info=&#8221;{}&#8221;]<\/p>\n<h2 class=\"tx-rojo subtitle-h3\">Procesos de contrataci\u00f3n abertos.<\/h2>\n<p>[\/et_pb_text][et_pb_text _builder_version=&#8221;4.23&#8243; _module_preset=&#8221;default&#8221; custom_margin=&#8221;0px||0px||false|false&#8221; custom_padding=&#8221;0px||0px||false|false&#8221; global_colors_info=&#8221;{}&#8221;][\/et_pb_text][et_pb_text _builder_version=&#8221;4.23&#8243; _module_preset=&#8221;default&#8221; text_font=&#8221;|700|||||||&#8221; text_text_color=&#8221;#FF0000&#8243; hover_enabled=&#8221;0&#8243; global_colors_info=&#8221;{}&#8221; sticky_enabled=&#8221;0&#8243;]<\/p>\n<p>LICITACI\u00d3NS<\/p>\n<p>[\/et_pb_text][et_pb_text _builder_version=&#8221;4.23&#8243; _module_preset=&#8221;default&#8221; text_font=&#8221;|600|||||||&#8221; text_text_color=&#8221;#0A0A0A&#8221; custom_margin=&#8221;-30px|8px||8px|false|true&#8221; hover_enabled=&#8221;0&#8243; global_colors_info=&#8221;{}&#8221; sticky_enabled=&#8221;0&#8243;]<\/p>\n<p>-Procedemento 09-24: Concesi\u00f3n de servizos para a explotaci\u00f3n do aparcamento.<\/p>\n<p>[\/et_pb_text][et_pb_text _builder_version=&#8221;4.23&#8243; _module_preset=&#8221;default&#8221; text_font=&#8221;|600|||||||&#8221; text_text_color=&#8221;#9B9B9B&#8221; custom_margin=&#8221;-33px|18px|6px|18px|false|true&#8221; custom_padding=&#8221;0px||12px|||&#8221; link_option_url=&#8221;https:\/\/www.contratosdegalicia.gal\/licitacion?N=822394&#8243; link_option_url_new_window=&#8221;on&#8221; hover_enabled=&#8221;0&#8243; global_colors_info=&#8221;{}&#8221; sticky_enabled=&#8221;0&#8243;]<\/p>\n<p>Ver ligaz\u00f3n<\/p>\n<p>[\/et_pb_text][et_pb_text _builder_version=&#8221;4.23&#8243; _module_preset=&#8221;default&#8221; text_font=&#8221;|600|||||||&#8221; text_text_color=&#8221;#0A0A0A&#8221; custom_margin=&#8221;-14px|8px||8px|false|true&#8221; custom_padding=&#8221;||15px|||&#8221; hover_enabled=&#8221;0&#8243; global_colors_info=&#8221;{}&#8221; sticky_enabled=&#8221;0&#8243;]<\/p>\n<p>-Procedemento L03-24: Contrato de subministro e instalaci\u00f3n dunha pantalla de LED.<\/p>\n<p>[\/et_pb_text][et_pb_text _builder_version=&#8221;4.23&#8243; _module_preset=&#8221;default&#8221; text_font=&#8221;|600|||||||&#8221; text_text_color=&#8221;#9B9B9B&#8221; custom_margin=&#8221;-44px|18px|6px|18px|false|true&#8221; custom_padding=&#8221;0px||12px|||&#8221; link_option_url=&#8221;https:\/\/www.contratosdegalicia.gal\/licitacion?OP=50&#038;N=823150&#038;lang=gl&#8221; link_option_url_new_window=&#8221;on&#8221; hover_enabled=&#8221;0&#8243; global_colors_info=&#8221;{}&#8221; sticky_enabled=&#8221;0&#8243;]<\/p>\n<p>Ver ligaz\u00f3n<\/p>\n<p>[\/et_pb_text][et_pb_text _builder_version=&#8221;4.23&#8243; _module_preset=&#8221;default&#8221; text_font=&#8221;|600|||||||&#8221; text_text_color=&#8221;#0A0A0A&#8221; custom_margin=&#8221;-14px|8px||8px|false|true&#8221; custom_padding=&#8221;||15px|||&#8221; hover_enabled=&#8221;0&#8243; global_colors_info=&#8221;{}&#8221; sticky_enabled=&#8221;0&#8243;]- Procedemento L02-24: Subministraci\u00f3n e instalaci\u00f3n de maquinaria para o aparcamento do recinto feiral ExpoCoru\u00f1a.[\/et_pb_text][et_pb_text _builder_version=&#8221;4.23&#8243; _module_preset=&#8221;default&#8221; text_font=&#8221;|600|||||||&#8221; text_text_color=&#8221;#9B9B9B&#8221; custom_margin=&#8221;-44px|18px|6px|18px|false|true&#8221; custom_padding=&#8221;0px||12px|||&#8221; link_option_url=&#8221;https:\/\/www.contratosdegalicia.gal\/licitacion?N=823529&#038;OR=233&#038;ID=801&#038;S=C&#038;lang=gl&#8221; link_option_url_new_window=&#8221;on&#8221; hover_enabled=&#8221;0&#8243; global_colors_info=&#8221;{}&#8221; sticky_enabled=&#8221;0&#8243;]<\/p>\n<p>Ver ligaz\u00f3n<\/p>\n<p>[\/et_pb_text][et_pb_text _builder_version=&#8221;4.23&#8243; _module_preset=&#8221;default&#8221; text_font=&#8221;|700|||||||&#8221; text_text_color=&#8221;#FF0000&#8243; custom_margin=&#8221;0px||0px||true|false&#8221; custom_padding=&#8221;||37px|||&#8221; hover_enabled=&#8221;0&#8243; global_colors_info=&#8221;{}&#8221; sticky_enabled=&#8221;0&#8243;]<\/p>\n<p>CONTRATOS MENORES<\/p>\n<p>[\/et_pb_text][\/et_pb_column][et_pb_column type=&#8221;1_2&#8243; _builder_version=&#8221;4.23&#8243; _module_preset=&#8221;default&#8221; global_colors_info=&#8221;{}&#8221;][et_pb_text _builder_version=&#8221;4.23&#8243; _module_preset=&#8221;default&#8221; text_font=&#8221;||||||||&#8221; text_text_color=&#8221;#9B9B9B&#8221; max_width=&#8221;780px&#8221; max_width_tablet=&#8221;100%&#8221; max_width_phone=&#8221;100%&#8221; max_width_last_edited=&#8221;on|tablet&#8221; custom_margin=&#8221;0px||0px||false|false&#8221; custom_padding=&#8221;0px||0px||false|false&#8221; hover_enabled=&#8221;0&#8243; global_colors_info=&#8221;{}&#8221; sticky_enabled=&#8221;0&#8243;]<\/p>\n<p>&nbsp;<\/p>\n<p>EXPOCoru\u00f1a require da contrataci\u00f3n dos seguintes servizos a terceiros que aparecen a continuaci\u00f3n.<\/p>\n<p>Calquera d\u00fabida p\u00f3\u00f1ase en contacto connosco.<\/p>\n<p>Pode consultar as condici\u00f3ns internas de contrataci\u00f3n descargando os documentos adxuntos.<\/p>\n<p>[\/et_pb_text][\/et_pb_column][\/et_pb_row][\/et_pb_section]<\/p>\n","protected":false},"excerpt":{"rendered":"<p>EXPOCoru\u00f1a require da contrataci\u00f3n dos seguintes servizos a terceiros que aparecen a continuaci\u00f3n. Calquera d\u00fabida p\u00f3\u00f1ase en contacto connosco. Pode consultar as condici\u00f3ns internas de contrataci\u00f3n descargando os documentos adxuntos.Instrucci\u00f3ns de contrataci\u00f3n.Procesos de contrataci\u00f3n abertos.Neste momento non temos procesos de contrataci\u00f3n abertos.Instrucci\u00f3ns de contrataci\u00f3n.Procesos de contrataci\u00f3n abertos.LICITACI\u00d3NS-Procedemento 09-24: Concesi\u00f3n de servizos para a explotaci\u00f3n do [&hellip;]<\/p>\n","protected":false},"author":1,"featured_media":963,"parent":0,"menu_order":0,"comment_status":"closed","ping_status":"closed","template":"","meta":{"_et_pb_use_builder":"on","_et_pb_old_content":"","_et_gb_content_width":"","footnotes":""},"class_list":["post-1140","page","type-page","status-publish","has-post-thumbnail","hentry"],"acf":[],"yoast_head":"<!-- This site is optimized with the Yoast SEO plugin v26.6 - https:\/\/yoast.com\/wordpress\/plugins\/seo\/ -->\n<title>Perfil do contratante | EXPOCoru\u00f1a<\/title>\n<meta name=\"description\" content=\"EXPOCoru\u00f1a require da contrataci\u00f3n dos seguintes servizos a terceiros que aparecen a continuaci\u00f3n.\" \/>\n<meta name=\"robots\" content=\"index, follow, max-snippet:-1, max-image-preview:large, max-video-preview:-1\" \/>\n<link rel=\"canonical\" href=\"https:\/\/expocoruna.com\/gl\/perfil-contratante\/\" \/>\n<meta property=\"og:locale\" content=\"gl_ES\" \/>\n<meta property=\"og:type\" content=\"article\" \/>\n<meta property=\"og:title\" content=\"Perfil do contratante | EXPOCoru\u00f1a\" \/>\n<meta property=\"og:description\" content=\"EXPOCoru\u00f1a require da contrataci\u00f3n dos seguintes servizos a terceiros que aparecen a continuaci\u00f3n.\" \/>\n<meta property=\"og:url\" content=\"https:\/\/expocoruna.com\/gl\/perfil-contratante\/\" \/>\n<meta property=\"og:site_name\" content=\"EXPOCoru\u00f1a\" \/>\n<meta property=\"article:modified_time\" content=\"2024-10-15T13:09:35+00:00\" \/>\n<meta property=\"og:image\" content=\"https:\/\/expocoruna.com\/wp-content\/uploads\/2023\/11\/expocoruna-perfil-contratante.jpg\" \/>\n\t<meta property=\"og:image:width\" content=\"1920\" \/>\n\t<meta property=\"og:image:height\" content=\"1000\" \/>\n\t<meta property=\"og:image:type\" content=\"image\/jpeg\" \/>\n<meta name=\"twitter:card\" content=\"summary_large_image\" \/>\n<meta name=\"twitter:label1\" content=\"Tempo de lectura\" \/>\n\t<meta name=\"twitter:data1\" content=\"1 minuto\" \/>\n<script type=\"application\/ld+json\" class=\"yoast-schema-graph\">{\"@context\":\"https:\/\/schema.org\",\"@graph\":[{\"@type\":\"WebPage\",\"@id\":\"https:\/\/expocoruna.com\/gl\/perfil-contratante\/\",\"url\":\"https:\/\/expocoruna.com\/gl\/perfil-contratante\/\",\"name\":\"Perfil do contratante | EXPOCoru\u00f1a\",\"isPartOf\":{\"@id\":\"https:\/\/expocoruna.com\/#website\"},\"primaryImageOfPage\":{\"@id\":\"https:\/\/expocoruna.com\/gl\/perfil-contratante\/#primaryimage\"},\"image\":{\"@id\":\"https:\/\/expocoruna.com\/gl\/perfil-contratante\/#primaryimage\"},\"thumbnailUrl\":\"https:\/\/expocoruna.com\/wp-content\/uploads\/2023\/11\/expocoruna-perfil-contratante.jpg\",\"datePublished\":\"2023-11-06T15:40:49+00:00\",\"dateModified\":\"2024-10-15T13:09:35+00:00\",\"description\":\"EXPOCoru\u00f1a require da contrataci\u00f3n dos seguintes servizos a terceiros que aparecen a continuaci\u00f3n.\",\"breadcrumb\":{\"@id\":\"https:\/\/expocoruna.com\/gl\/perfil-contratante\/#breadcrumb\"},\"inLanguage\":\"gl-ES\",\"potentialAction\":[{\"@type\":\"ReadAction\",\"target\":[\"https:\/\/expocoruna.com\/gl\/perfil-contratante\/\"]}]},{\"@type\":\"ImageObject\",\"inLanguage\":\"gl-ES\",\"@id\":\"https:\/\/expocoruna.com\/gl\/perfil-contratante\/#primaryimage\",\"url\":\"https:\/\/expocoruna.com\/wp-content\/uploads\/2023\/11\/expocoruna-perfil-contratante.jpg\",\"contentUrl\":\"https:\/\/expocoruna.com\/wp-content\/uploads\/2023\/11\/expocoruna-perfil-contratante.jpg\",\"width\":1920,\"height\":1000},{\"@type\":\"BreadcrumbList\",\"@id\":\"https:\/\/expocoruna.com\/gl\/perfil-contratante\/#breadcrumb\",\"itemListElement\":[{\"@type\":\"ListItem\",\"position\":1,\"name\":\"Portada\",\"item\":\"https:\/\/expocoruna.com\/gl\/\"},{\"@type\":\"ListItem\",\"position\":2,\"name\":\"Perfil contratante.\"}]},{\"@type\":\"WebSite\",\"@id\":\"https:\/\/expocoruna.com\/#website\",\"url\":\"https:\/\/expocoruna.com\/\",\"name\":\"EXPOCoru\u00f1a\",\"description\":\"Somos el escaparate de Galicia\",\"publisher\":{\"@id\":\"https:\/\/expocoruna.com\/#organization\"},\"potentialAction\":[{\"@type\":\"SearchAction\",\"target\":{\"@type\":\"EntryPoint\",\"urlTemplate\":\"https:\/\/expocoruna.com\/?s={search_term_string}\"},\"query-input\":{\"@type\":\"PropertyValueSpecification\",\"valueRequired\":true,\"valueName\":\"search_term_string\"}}],\"inLanguage\":\"gl-ES\"},{\"@type\":\"Organization\",\"@id\":\"https:\/\/expocoruna.com\/#organization\",\"name\":\"EXPOCoru\u00f1a\",\"url\":\"https:\/\/expocoruna.com\/\",\"logo\":{\"@type\":\"ImageObject\",\"inLanguage\":\"gl-ES\",\"@id\":\"https:\/\/expocoruna.com\/#\/schema\/logo\/image\/\",\"url\":\"https:\/\/expocoruna.com\/wp-content\/uploads\/2023\/11\/logo-expocoruna-rojo.svg\",\"contentUrl\":\"https:\/\/expocoruna.com\/wp-content\/uploads\/2023\/11\/logo-expocoruna-rojo.svg\",\"width\":577,\"height\":229,\"caption\":\"EXPOCoru\u00f1a\"},\"image\":{\"@id\":\"https:\/\/expocoruna.com\/#\/schema\/logo\/image\/\"}}]}<\/script>\n<!-- \/ Yoast SEO plugin. -->","yoast_head_json":{"title":"Perfil do contratante | EXPOCoru\u00f1a","description":"EXPOCoru\u00f1a require da contrataci\u00f3n dos seguintes servizos a terceiros que aparecen a continuaci\u00f3n.","robots":{"index":"index","follow":"follow","max-snippet":"max-snippet:-1","max-image-preview":"max-image-preview:large","max-video-preview":"max-video-preview:-1"},"canonical":"https:\/\/expocoruna.com\/gl\/perfil-contratante\/","og_locale":"gl_ES","og_type":"article","og_title":"Perfil do contratante | EXPOCoru\u00f1a","og_description":"EXPOCoru\u00f1a require da contrataci\u00f3n dos seguintes servizos a terceiros que aparecen a continuaci\u00f3n.","og_url":"https:\/\/expocoruna.com\/gl\/perfil-contratante\/","og_site_name":"EXPOCoru\u00f1a","article_modified_time":"2024-10-15T13:09:35+00:00","og_image":[{"width":1920,"height":1000,"url":"https:\/\/expocoruna.com\/wp-content\/uploads\/2023\/11\/expocoruna-perfil-contratante.jpg","type":"image\/jpeg"}],"twitter_card":"summary_large_image","twitter_misc":{"Tempo de lectura":"1 minuto"},"schema":{"@context":"https:\/\/schema.org","@graph":[{"@type":"WebPage","@id":"https:\/\/expocoruna.com\/gl\/perfil-contratante\/","url":"https:\/\/expocoruna.com\/gl\/perfil-contratante\/","name":"Perfil do contratante | EXPOCoru\u00f1a","isPartOf":{"@id":"https:\/\/expocoruna.com\/#website"},"primaryImageOfPage":{"@id":"https:\/\/expocoruna.com\/gl\/perfil-contratante\/#primaryimage"},"image":{"@id":"https:\/\/expocoruna.com\/gl\/perfil-contratante\/#primaryimage"},"thumbnailUrl":"https:\/\/expocoruna.com\/wp-content\/uploads\/2023\/11\/expocoruna-perfil-contratante.jpg","datePublished":"2023-11-06T15:40:49+00:00","dateModified":"2024-10-15T13:09:35+00:00","description":"EXPOCoru\u00f1a require da contrataci\u00f3n dos seguintes servizos a terceiros que aparecen a continuaci\u00f3n.","breadcrumb":{"@id":"https:\/\/expocoruna.com\/gl\/perfil-contratante\/#breadcrumb"},"inLanguage":"gl-ES","potentialAction":[{"@type":"ReadAction","target":["https:\/\/expocoruna.com\/gl\/perfil-contratante\/"]}]},{"@type":"ImageObject","inLanguage":"gl-ES","@id":"https:\/\/expocoruna.com\/gl\/perfil-contratante\/#primaryimage","url":"https:\/\/expocoruna.com\/wp-content\/uploads\/2023\/11\/expocoruna-perfil-contratante.jpg","contentUrl":"https:\/\/expocoruna.com\/wp-content\/uploads\/2023\/11\/expocoruna-perfil-contratante.jpg","width":1920,"height":1000},{"@type":"BreadcrumbList","@id":"https:\/\/expocoruna.com\/gl\/perfil-contratante\/#breadcrumb","itemListElement":[{"@type":"ListItem","position":1,"name":"Portada","item":"https:\/\/expocoruna.com\/gl\/"},{"@type":"ListItem","position":2,"name":"Perfil contratante."}]},{"@type":"WebSite","@id":"https:\/\/expocoruna.com\/#website","url":"https:\/\/expocoruna.com\/","name":"EXPOCoru\u00f1a","description":"Somos el escaparate de Galicia","publisher":{"@id":"https:\/\/expocoruna.com\/#organization"},"potentialAction":[{"@type":"SearchAction","target":{"@type":"EntryPoint","urlTemplate":"https:\/\/expocoruna.com\/?s={search_term_string}"},"query-input":{"@type":"PropertyValueSpecification","valueRequired":true,"valueName":"search_term_string"}}],"inLanguage":"gl-ES"},{"@type":"Organization","@id":"https:\/\/expocoruna.com\/#organization","name":"EXPOCoru\u00f1a","url":"https:\/\/expocoruna.com\/","logo":{"@type":"ImageObject","inLanguage":"gl-ES","@id":"https:\/\/expocoruna.com\/#\/schema\/logo\/image\/","url":"https:\/\/expocoruna.com\/wp-content\/uploads\/2023\/11\/logo-expocoruna-rojo.svg","contentUrl":"https:\/\/expocoruna.com\/wp-content\/uploads\/2023\/11\/logo-expocoruna-rojo.svg","width":577,"height":229,"caption":"EXPOCoru\u00f1a"},"image":{"@id":"https:\/\/expocoruna.com\/#\/schema\/logo\/image\/"}}]}},"_links":{"self":[{"href":"https:\/\/expocoruna.com\/gl\/wp-json\/wp\/v2\/pages\/1140","targetHints":{"allow":["GET"]}}],"collection":[{"href":"https:\/\/expocoruna.com\/gl\/wp-json\/wp\/v2\/pages"}],"about":[{"href":"https:\/\/expocoruna.com\/gl\/wp-json\/wp\/v2\/types\/page"}],"author":[{"embeddable":true,"href":"https:\/\/expocoruna.com\/gl\/wp-json\/wp\/v2\/users\/1"}],"replies":[{"embeddable":true,"href":"https:\/\/expocoruna.com\/gl\/wp-json\/wp\/v2\/comments?post=1140"}],"version-history":[{"count":5,"href":"https:\/\/expocoruna.com\/gl\/wp-json\/wp\/v2\/pages\/1140\/revisions"}],"predecessor-version":[{"id":1739,"href":"https:\/\/expocoruna.com\/gl\/wp-json\/wp\/v2\/pages\/1140\/revisions\/1739"}],"wp:featuredmedia":[{"embeddable":true,"href":"https:\/\/expocoruna.com\/gl\/wp-json\/wp\/v2\/media\/963"}],"wp:attachment":[{"href":"https:\/\/expocoruna.com\/gl\/wp-json\/wp\/v2\/media?parent=1140"}],"curies":[{"name":"wp","href":"https:\/\/api.w.org\/{rel}","templated":true}]}}