{"id":1138,"date":"2023-11-06T16:40:52","date_gmt":"2023-11-06T15:40:52","guid":{"rendered":"https:\/\/expocoruna.com\/quienes-somos\/"},"modified":"2023-11-30T10:20:08","modified_gmt":"2023-11-30T09:20:08","slug":"quienes-somos","status":"publish","type":"page","link":"https:\/\/expocoruna.com\/gl\/quienes-somos\/","title":{"rendered":"O escaparate <br>de Galicia."},"content":{"rendered":"<p>[et_pb_section fb_built=&#8221;1&#8243; custom_padding_last_edited=&#8221;off|desktop&#8221; admin_label=&#8221;CABECERA CON FOTO&#8221; module_class=&#8221;cabecera-foto&#8221; _builder_version=&#8221;4.23&#8243; _dynamic_attributes=&#8221;background_image&#8221; use_background_color_gradient=&#8221;on&#8221; background_color_gradient_stops=&#8221;#ff0000 0%|rgba(255,255,255,0) 99%&#8221; background_color_gradient_overlays_image=&#8221;on&#8221; background_image=&#8221;@ET-DC@eyJkeW5hbWljIjp0cnVlLCJjb250ZW50IjoicG9zdF9mZWF0dXJlZF9pbWFnZSIsInNldHRpbmdzIjp7fX0=@&#8221; custom_margin=&#8221;0px||8rem||false|false&#8221; custom_padding_tablet=&#8221;12rem||12rem||true|false&#8221; custom_padding_phone=&#8221;10rem||10rem||true|false&#8221; global_colors_info=&#8221;{}&#8221; global_module=&#8221;309&#8243; theme_builder_area=&#8221;post_content&#8221;][et_pb_row _builder_version=&#8221;4.23&#8243; _module_preset=&#8221;default&#8221; global_colors_info=&#8221;{}&#8221; theme_builder_area=&#8221;post_content&#8221;][et_pb_column type=&#8221;4_4&#8243; _builder_version=&#8221;4.23&#8243; _module_preset=&#8221;default&#8221; global_colors_info=&#8221;{}&#8221; theme_builder_area=&#8221;post_content&#8221;][et_pb_post_title meta=&#8221;off&#8221; featured_image=&#8221;off&#8221; text_color=&#8221;light&#8221; _builder_version=&#8221;4.23&#8243; _module_preset=&#8221;default&#8221; text_orientation=&#8221;center&#8221; global_colors_info=&#8221;{}&#8221; theme_builder_area=&#8221;post_content&#8221;][\/et_pb_post_title][\/et_pb_column][\/et_pb_row][\/et_pb_section][et_pb_section fb_built=&#8221;1&#8243; admin_label=&#8221;identidad corporativa&#8221; _builder_version=&#8221;4.23&#8243; _module_preset=&#8221;default&#8221; custom_margin=&#8221;0px||8rem||false|false&#8221; custom_padding=&#8221;0px||0px||false|false&#8221; global_colors_info=&#8221;{}&#8221;][et_pb_row column_structure=&#8221;3_5,2_5&#8243; _builder_version=&#8221;4.23&#8243; _module_preset=&#8221;default&#8221; custom_margin=&#8221;0px||0px||false|false&#8221; custom_padding=&#8221;0px||0px||false|false&#8221; global_colors_info=&#8221;{}&#8221;][et_pb_column type=&#8221;3_5&#8243; _builder_version=&#8221;4.23&#8243; _module_preset=&#8221;default&#8221; global_colors_info=&#8221;{}&#8221;][et_pb_text _builder_version=&#8221;4.23&#8243; _module_preset=&#8221;default&#8221; max_width=&#8221;780px&#8221; max_width_tablet=&#8221;100%&#8221; max_width_phone=&#8221;100%&#8221; max_width_last_edited=&#8221;on|tablet&#8221; custom_margin=&#8221;0px||0px||false|false&#8221; custom_padding=&#8221;0px||0px||false|false&#8221; global_colors_info=&#8221;{}&#8221;]EXPOCoru\u00f1a constit\u00faese no ano 2008 como espazo multiusos, \u00fanico, flexible e polivalente, preparado para acoller todo tipo de eventos. Mediante unha nova filosof\u00eda de diferenciaci\u00f3n, baseada na unificaci\u00f3n de valores como a innovaci\u00f3n, a cultura, o dese\u00f1o e a tecnolox\u00eda.<\/p>\n<p>Establ\u00e9cese como suxeito dinamizador mediante a realizaci\u00f3n de eventos de produci\u00f3n propia e pola inclusi\u00f3n no seu calendario doutros momentos relacionados coa arte, deportes ou m\u00fasica.[\/et_pb_text][\/et_pb_column][et_pb_column type=&#8221;2_5&#8243; _builder_version=&#8221;4.23&#8243; _module_preset=&#8221;default&#8221; global_colors_info=&#8221;{}&#8221;][et_pb_text _builder_version=&#8221;4.23&#8243; _module_preset=&#8221;default&#8221; custom_margin=&#8221;0px||2rem||false|false&#8221; custom_margin_tablet=&#8221;0px||2rem||false|false&#8221; custom_margin_phone=&#8221;0px||1rem||false|false&#8221; custom_margin_last_edited=&#8221;on|tablet&#8221; custom_padding=&#8221;0px||0px||false|false&#8221; global_colors_info=&#8221;{}&#8221;]<\/p>\n<h2 class=\"tx-rojo subtitle-h3\">Dossier EXPOCoru\u00f1a.<\/h2>\n<p>[\/et_pb_text][et_pb_button button_url=&#8221;\/wp-content\/uploads\/2023\/11\/dossier-es.pdf&#8221; url_new_window=&#8221;on&#8221; button_text=&#8221;Descarga dossier&#8221; button_alignment=&#8221;left&#8221; _builder_version=&#8221;4.23&#8243; _module_preset=&#8221;default&#8221; custom_margin=&#8221;0rem||0px||false|false&#8221; global_colors_info=&#8221;{}&#8221;][\/et_pb_button][et_pb_divider color=&#8221;#0A0A0A&#8221; divider_position=&#8221;center&#8221; _builder_version=&#8221;4.23&#8243; _module_preset=&#8221;default&#8221; custom_margin=&#8221;0px||0px||false|false&#8221; custom_padding=&#8221;3rem||2rem||false|false&#8221; custom_padding_tablet=&#8221;2rem||||false|false&#8221; custom_padding_phone=&#8221;1.5rem||1.5rem||false|false&#8221; custom_padding_last_edited=&#8221;on|phone&#8221; global_colors_info=&#8221;{}&#8221;][\/et_pb_divider][et_pb_text _builder_version=&#8221;4.23&#8243; _module_preset=&#8221;default&#8221; custom_margin=&#8221;0px||2rem||false|false&#8221; custom_margin_tablet=&#8221;0px||2rem||false|false&#8221; custom_margin_phone=&#8221;0px||1rem||false|false&#8221; custom_margin_last_edited=&#8221;on|tablet&#8221; custom_padding=&#8221;0px||0px||false|false&#8221; global_colors_info=&#8221;{}&#8221;]<\/p>\n<h2 class=\"tx-rojo subtitle-h3\">Manual Identidade Corporativa.<\/h2>\n<p>[\/et_pb_text][et_pb_button button_url=&#8221;https:\/\/acrobat.adobe.com\/id\/urn:aaid:sc:EU:0218777c-64b7-41f8-ae8d-fb5ecac7e208&#8243; url_new_window=&#8221;on&#8221; button_text=&#8221;Descarga manual&#8221; button_alignment=&#8221;left&#8221; _builder_version=&#8221;4.23&#8243; _module_preset=&#8221;default&#8221; custom_margin=&#8221;0rem||0px||false|false&#8221; global_colors_info=&#8221;{}&#8221;][\/et_pb_button][et_pb_divider color=&#8221;#0A0A0A&#8221; divider_position=&#8221;center&#8221; _builder_version=&#8221;4.23&#8243; _module_preset=&#8221;default&#8221; custom_margin=&#8221;0px||0px||false|false&#8221; custom_padding=&#8221;3rem||2rem||false|false&#8221; custom_padding_tablet=&#8221;2rem||||false|false&#8221; custom_padding_phone=&#8221;1.5rem||1.5rem||false|false&#8221; custom_padding_last_edited=&#8221;on|phone&#8221; global_colors_info=&#8221;{}&#8221;][\/et_pb_divider][et_pb_text _builder_version=&#8221;4.23&#8243; _module_preset=&#8221;default&#8221; custom_margin=&#8221;0px||2rem||false|false&#8221; custom_margin_tablet=&#8221;0px||2rem||false|false&#8221; custom_margin_phone=&#8221;0px||1rem||false|false&#8221; custom_margin_last_edited=&#8221;on|tablet&#8221; custom_padding=&#8221;0px||0px||false|false&#8221; global_colors_info=&#8221;{}&#8221;]<\/p>\n<h2 class=\"tx-rojo subtitle-h3\">Logotipos.<\/h2>\n<p>[\/et_pb_text][et_pb_button button_url=&#8221;https:\/\/acrobat.adobe.com\/id\/urn:aaid:sc:EU:dd8b453b-050c-418c-bb26-ac856b3d1ab6&#8243; url_new_window=&#8221;on&#8221; button_text=&#8221;Descarga logotipos&#8221; button_alignment=&#8221;left&#8221; _builder_version=&#8221;4.23&#8243; _module_preset=&#8221;default&#8221; custom_margin=&#8221;0rem||0px||false|false&#8221; global_colors_info=&#8221;{}&#8221;][\/et_pb_button][\/et_pb_column][\/et_pb_row][\/et_pb_section][et_pb_section fb_built=&#8221;1&#8243; custom_padding_last_edited=&#8221;on|phone&#8221; admin_label=&#8221;recinto&#8221; _builder_version=&#8221;4.23&#8243; _module_preset=&#8221;default&#8221; use_background_color_gradient=&#8221;on&#8221; background_color_gradient_direction=&#8221;90deg&#8221; background_color_gradient_stops=&#8221;#ff0000 0%|rgba(255,255,255,0) 100%&#8221; background_color_gradient_overlays_image=&#8221;on&#8221; background_image=&#8221;https:\/\/expocoruna.com\/wp-content\/uploads\/2023\/11\/expocoruna-eventos-ferias-02.jpg&#8221; max_width=&#8221;1580px&#8221; module_alignment=&#8221;center&#8221; custom_margin=&#8221;0px||8rem||false|false&#8221; custom_padding=&#8221;6rem||35vh||false|false&#8221; custom_padding_tablet=&#8221;4rem||20vh||false|false&#8221; custom_padding_phone=&#8221;2rem||10vh||false|false&#8221; hover_enabled=&#8221;0&#8243; global_colors_info=&#8221;{}&#8221; width=&#8221;90%&#8221; width_tablet=&#8221;80%&#8221; width_phone=&#8221;80%&#8221; width_last_edited=&#8221;on|phone&#8221; sticky_enabled=&#8221;0&#8243;][et_pb_row column_structure=&#8221;3_5,2_5&#8243; _builder_version=&#8221;4.23&#8243; _module_preset=&#8221;default&#8221; max_width=&#8221;1300px&#8221; custom_margin=&#8221;0px||16px||false|false&#8221; custom_padding=&#8221;0px||0px||false|false&#8221; global_colors_info=&#8221;{}&#8221;][et_pb_column type=&#8221;3_5&#8243; _builder_version=&#8221;4.23&#8243; _module_preset=&#8221;default&#8221; global_colors_info=&#8221;{}&#8221;][et_pb_text _builder_version=&#8221;4.23&#8243; _module_preset=&#8221;default&#8221; background_layout=&#8221;dark&#8221; max_width=&#8221;780px&#8221; max_width_tablet=&#8221;100%&#8221; max_width_phone=&#8221;100%&#8221; max_width_last_edited=&#8221;on|tablet&#8221; custom_margin=&#8221;0px||2rem||false|false&#8221; custom_padding=&#8221;0px||0px||false|false&#8221; global_colors_info=&#8221;{}&#8221;]<\/p>\n<h2 class=\"subtitle-h4\">M\u00e1is de 500 eventos e feiras realizadas con \u00e9xito.<\/h2>\n<p>[\/et_pb_text][et_pb_text _builder_version=&#8221;4.23&#8243; _module_preset=&#8221;default&#8221; text_line_height=&#8221;180%&#8221; background_layout=&#8221;dark&#8221; max_width=&#8221;780px&#8221; max_width_tablet=&#8221;100%&#8221; max_width_phone=&#8221;100%&#8221; max_width_last_edited=&#8221;on|tablet&#8221; custom_margin=&#8221;0px||80px||false|false&#8221; custom_padding=&#8221;0px||0px||false|false&#8221; global_colors_info=&#8221;{}&#8221;]<\/p>\n<p class=\"subtitle-h5\">No noso recinto todo ten cabida e a experiencia av\u00e1lanos: desde festivais de m\u00fasica internacionais como o S\u00f3nar, deportivos como a Copa do Rey de Baloncesto, pasando por todo tipo de feiras, exposici\u00f3ns e congresos, ata eventos \u00fanicos de moda ou cultura.<\/p>\n<p>[\/et_pb_text][et_pb_button button_url=&#8221;https:\/\/expocoruna.com\/gl\/experiencias\/&#8221; url_new_window=&#8221;on&#8221; button_text=&#8221;Co\u00f1\u00e9cenos&#8221; button_alignment=&#8221;left&#8221; _builder_version=&#8221;4.23&#8243; _module_preset=&#8221;default&#8221; background_layout=&#8221;dark&#8221; custom_margin=&#8221;0rem||0px||false|false&#8221; global_colors_info=&#8221;{}&#8221;][\/et_pb_button][\/et_pb_column][et_pb_column type=&#8221;2_5&#8243; _builder_version=&#8221;4.23&#8243; _module_preset=&#8221;default&#8221; global_colors_info=&#8221;{}&#8221;][\/et_pb_column][\/et_pb_row][\/et_pb_section][et_pb_section fb_built=&#8221;1&#8243; admin_label=&#8221;patronato&#8221; _builder_version=&#8221;4.23&#8243; _module_preset=&#8221;default&#8221; custom_margin=&#8221;0px||8rem||false|false&#8221; custom_padding=&#8221;0px||0px||false|false&#8221; global_colors_info=&#8221;{}&#8221;][et_pb_row _builder_version=&#8221;4.23&#8243; _module_preset=&#8221;default&#8221; custom_margin=&#8221;0px||7rem||false|false&#8221; custom_margin_tablet=&#8221;||4rem||false|false&#8221; custom_margin_phone=&#8221;||4rem||false|false&#8221; custom_margin_last_edited=&#8221;on|tablet&#8221; custom_padding=&#8221;0px||0px||false|false&#8221; global_colors_info=&#8221;{}&#8221;][et_pb_column type=&#8221;4_4&#8243; _builder_version=&#8221;4.23&#8243; _module_preset=&#8221;default&#8221; global_colors_info=&#8221;{}&#8221;][et_pb_text _builder_version=&#8221;4.23&#8243; _module_preset=&#8221;default&#8221; custom_margin=&#8221;0px||7rem||false|false&#8221; custom_margin_tablet=&#8221;0px||4rem||false|false&#8221; custom_margin_phone=&#8221;0px||1rem||false|false&#8221; custom_margin_last_edited=&#8221;on|tablet&#8221; custom_padding=&#8221;0px||0px||false|false&#8221; global_colors_info=&#8221;{}&#8221;]<\/p>\n<h3 class=\"tx-rojo\">Padroado e Consello de Direcci\u00f3n<\/h3>\n<p>[\/et_pb_text][et_pb_code _builder_version=&#8221;4.23&#8243; _module_preset=&#8221;default&#8221; hover_enabled=&#8221;0&#8243; sticky_enabled=&#8221;0&#8243;]<\/p>\n<div class=\"grid-logos\"><!-- [et_pb_line_break_holder] -->  <a target=\"_blank\" href=\"https:\/\/www.xunta.gal\" rel=\"noopener\"><img decoding=\"async\" src=\"\/wp-content\/uploads\/2023\/11\/xuntagalicia.png\"><\/a><!-- [et_pb_line_break_holder] -->  <a target=\"_blank\" href=\"https:\/\/www.coruna.gal\" rel=\"noopener\"><img decoding=\"async\" src=\"\/wp-content\/uploads\/2023\/11\/aytolacoruna.jpg\"><\/a><!-- [et_pb_line_break_holder] -->  <a target=\"_blank\" href=\"https:\/\/www.dacoruna.gal\/\" rel=\"noopener\"><img decoding=\"async\" src=\"\/wp-content\/uploads\/2023\/11\/deputacioncoruna.jpg\"><\/a><!-- [et_pb_line_break_holder] -->  <a target=\"_blank\" href=\"https:\/\/www.abanca.com\/\" rel=\"noopener\"><img decoding=\"async\" src=\"\/wp-content\/uploads\/2023\/11\/abanca.png\"><\/a><!-- [et_pb_line_break_holder] -->  <a target=\"_blank\" href=\"https:\/\/www.cec.es\" rel=\"noopener\"><img decoding=\"async\" src=\"\/wp-content\/uploads\/2023\/11\/cec.jpg\"><\/a><!-- [et_pb_line_break_holder] --><\/div>\n<p>[\/et_pb_code][\/et_pb_column][\/et_pb_row][\/et_pb_section][et_pb_section fb_built=&#8221;1&#8243; custom_padding_last_edited=&#8221;on|phone&#8221; admin_label=&#8221;una idea, un espacio&#8221; _builder_version=&#8221;4.23&#8243; use_background_color_gradient=&#8221;on&#8221; background_color_gradient_stops=&#8221;rgba(255,255,255,0) 0%|#ff0000 100%&#8221; background_color_gradient_overlays_image=&#8221;on&#8221; background_image=&#8221;https:\/\/expocoruna.com\/wp-content\/uploads\/2023\/11\/expocoruna-espacio-eventos.jpg&#8221; background_position=&#8221;top_center&#8221; custom_margin=&#8221;0px||0px||false|false&#8221; custom_padding=&#8221;15rem||15rem||true|false&#8221; custom_padding_tablet=&#8221;12rem||12rem||true|false&#8221; custom_padding_phone=&#8221;10rem||10rem||true|false&#8221; global_colors_info=&#8221;{}&#8221;][et_pb_row _builder_version=&#8221;4.23&#8243; _module_preset=&#8221;default&#8221; global_colors_info=&#8221;{}&#8221;][et_pb_column type=&#8221;4_4&#8243; _builder_version=&#8221;4.23&#8243; _module_preset=&#8221;default&#8221; global_colors_info=&#8221;{}&#8221;][et_pb_text _builder_version=&#8221;4.23&#8243; _module_preset=&#8221;default&#8221; text_orientation=&#8221;center&#8221; background_layout=&#8221;dark&#8221; custom_margin=&#8221;0px||4vw||false|false&#8221; custom_padding=&#8221;0px||0px||false|false&#8221; global_colors_info=&#8221;{}&#8221;]<\/p>\n<h2>Unha idea.<br \/>\nUn espazo.<\/h2>\n<p>[\/et_pb_text][et_pb_button button_url=&#8221;https:\/\/expocoruna.com\/gl\/espacios\/&#8221; button_text=&#8221;Descubre EXPOCoru\u00f1a&#8221; button_alignment=&#8221;center&#8221; _builder_version=&#8221;4.23&#8243; _module_preset=&#8221;default&#8221; background_layout=&#8221;dark&#8221; custom_margin=&#8221;0px||0px||false|false&#8221; custom_padding=&#8221;||||false|false&#8221; global_colors_info=&#8221;{}&#8221;][\/et_pb_button][\/et_pb_column][\/et_pb_row][\/et_pb_section]<\/p>\n","protected":false},"excerpt":{"rendered":"<p>EXPOCoru\u00f1a constit\u00faese no ano 2008 como espazo multiusos, \u00fanico, flexible e polivalente, preparado para acoller todo tipo de eventos. Mediante unha nova filosof\u00eda de diferenciaci\u00f3n, baseada na unificaci\u00f3n de valores como a innovaci\u00f3n, a cultura, o dese\u00f1o e a tecnolox\u00eda. Establ\u00e9cese como suxeito dinamizador mediante a realizaci\u00f3n de eventos de produci\u00f3n propia e pola inclusi\u00f3n [&hellip;]<\/p>\n","protected":false},"author":1,"featured_media":965,"parent":0,"menu_order":0,"comment_status":"closed","ping_status":"closed","template":"","meta":{"_et_pb_use_builder":"on","_et_pb_old_content":"","_et_gb_content_width":"","footnotes":""},"class_list":["post-1138","page","type-page","status-publish","has-post-thumbnail","hentry"],"acf":[],"yoast_head":"<!-- This site is optimized with the Yoast SEO plugin v26.6 - https:\/\/yoast.com\/wordpress\/plugins\/seo\/ -->\n<title>Quen somos | EXPOCoru\u00f1a<\/title>\n<meta name=\"description\" content=\"EXPOCoru\u00f1a constit\u00faese no ano 2008 como espazo multiusos, \u00fanico, flexible e polivalente, preparado para acoller todo tipo de eventos.\" \/>\n<meta name=\"robots\" content=\"index, follow, max-snippet:-1, max-image-preview:large, max-video-preview:-1\" \/>\n<link rel=\"canonical\" href=\"https:\/\/expocoruna.com\/gl\/quienes-somos\/\" \/>\n<meta property=\"og:locale\" content=\"gl_ES\" \/>\n<meta property=\"og:type\" content=\"article\" \/>\n<meta property=\"og:title\" content=\"Quen somos | EXPOCoru\u00f1a\" \/>\n<meta property=\"og:description\" content=\"EXPOCoru\u00f1a constit\u00faese no ano 2008 como espazo multiusos, \u00fanico, flexible e polivalente, preparado para acoller todo tipo de eventos.\" \/>\n<meta property=\"og:url\" content=\"https:\/\/expocoruna.com\/gl\/quienes-somos\/\" \/>\n<meta property=\"og:site_name\" content=\"EXPOCoru\u00f1a\" \/>\n<meta property=\"article:modified_time\" content=\"2023-11-30T09:20:08+00:00\" \/>\n<meta property=\"og:image\" content=\"https:\/\/expocoruna.com\/wp-content\/uploads\/2023\/11\/expocoruna-quienes-somos-01.jpg\" \/>\n\t<meta property=\"og:image:width\" content=\"1920\" \/>\n\t<meta property=\"og:image:height\" content=\"1000\" \/>\n\t<meta property=\"og:image:type\" content=\"image\/jpeg\" \/>\n<meta name=\"twitter:card\" content=\"summary_large_image\" \/>\n<meta name=\"twitter:label1\" content=\"Tempo de lectura\" \/>\n\t<meta name=\"twitter:data1\" content=\"3 minutos\" \/>\n<script type=\"application\/ld+json\" class=\"yoast-schema-graph\">{\"@context\":\"https:\/\/schema.org\",\"@graph\":[{\"@type\":\"WebPage\",\"@id\":\"https:\/\/expocoruna.com\/gl\/quienes-somos\/\",\"url\":\"https:\/\/expocoruna.com\/gl\/quienes-somos\/\",\"name\":\"Quen somos | EXPOCoru\u00f1a\",\"isPartOf\":{\"@id\":\"https:\/\/expocoruna.com\/#website\"},\"primaryImageOfPage\":{\"@id\":\"https:\/\/expocoruna.com\/gl\/quienes-somos\/#primaryimage\"},\"image\":{\"@id\":\"https:\/\/expocoruna.com\/gl\/quienes-somos\/#primaryimage\"},\"thumbnailUrl\":\"https:\/\/expocoruna.com\/wp-content\/uploads\/2023\/11\/expocoruna-quienes-somos-01.jpg\",\"datePublished\":\"2023-11-06T15:40:52+00:00\",\"dateModified\":\"2023-11-30T09:20:08+00:00\",\"description\":\"EXPOCoru\u00f1a constit\u00faese no ano 2008 como espazo multiusos, \u00fanico, flexible e polivalente, preparado para acoller todo tipo de eventos.\",\"breadcrumb\":{\"@id\":\"https:\/\/expocoruna.com\/gl\/quienes-somos\/#breadcrumb\"},\"inLanguage\":\"gl-ES\",\"potentialAction\":[{\"@type\":\"ReadAction\",\"target\":[\"https:\/\/expocoruna.com\/gl\/quienes-somos\/\"]}]},{\"@type\":\"ImageObject\",\"inLanguage\":\"gl-ES\",\"@id\":\"https:\/\/expocoruna.com\/gl\/quienes-somos\/#primaryimage\",\"url\":\"https:\/\/expocoruna.com\/wp-content\/uploads\/2023\/11\/expocoruna-quienes-somos-01.jpg\",\"contentUrl\":\"https:\/\/expocoruna.com\/wp-content\/uploads\/2023\/11\/expocoruna-quienes-somos-01.jpg\",\"width\":1920,\"height\":1000},{\"@type\":\"BreadcrumbList\",\"@id\":\"https:\/\/expocoruna.com\/gl\/quienes-somos\/#breadcrumb\",\"itemListElement\":[{\"@type\":\"ListItem\",\"position\":1,\"name\":\"Portada\",\"item\":\"https:\/\/expocoruna.com\/gl\/\"},{\"@type\":\"ListItem\",\"position\":2,\"name\":\"O escaparate de Galicia.\"}]},{\"@type\":\"WebSite\",\"@id\":\"https:\/\/expocoruna.com\/#website\",\"url\":\"https:\/\/expocoruna.com\/\",\"name\":\"EXPOCoru\u00f1a\",\"description\":\"Somos el escaparate de Galicia\",\"publisher\":{\"@id\":\"https:\/\/expocoruna.com\/#organization\"},\"potentialAction\":[{\"@type\":\"SearchAction\",\"target\":{\"@type\":\"EntryPoint\",\"urlTemplate\":\"https:\/\/expocoruna.com\/?s={search_term_string}\"},\"query-input\":{\"@type\":\"PropertyValueSpecification\",\"valueRequired\":true,\"valueName\":\"search_term_string\"}}],\"inLanguage\":\"gl-ES\"},{\"@type\":\"Organization\",\"@id\":\"https:\/\/expocoruna.com\/#organization\",\"name\":\"EXPOCoru\u00f1a\",\"url\":\"https:\/\/expocoruna.com\/\",\"logo\":{\"@type\":\"ImageObject\",\"inLanguage\":\"gl-ES\",\"@id\":\"https:\/\/expocoruna.com\/#\/schema\/logo\/image\/\",\"url\":\"https:\/\/expocoruna.com\/wp-content\/uploads\/2023\/11\/logo-expocoruna-rojo.svg\",\"contentUrl\":\"https:\/\/expocoruna.com\/wp-content\/uploads\/2023\/11\/logo-expocoruna-rojo.svg\",\"width\":577,\"height\":229,\"caption\":\"EXPOCoru\u00f1a\"},\"image\":{\"@id\":\"https:\/\/expocoruna.com\/#\/schema\/logo\/image\/\"}}]}<\/script>\n<!-- \/ Yoast SEO plugin. -->","yoast_head_json":{"title":"Quen somos | EXPOCoru\u00f1a","description":"EXPOCoru\u00f1a constit\u00faese no ano 2008 como espazo multiusos, \u00fanico, flexible e polivalente, preparado para acoller todo tipo de eventos.","robots":{"index":"index","follow":"follow","max-snippet":"max-snippet:-1","max-image-preview":"max-image-preview:large","max-video-preview":"max-video-preview:-1"},"canonical":"https:\/\/expocoruna.com\/gl\/quienes-somos\/","og_locale":"gl_ES","og_type":"article","og_title":"Quen somos | EXPOCoru\u00f1a","og_description":"EXPOCoru\u00f1a constit\u00faese no ano 2008 como espazo multiusos, \u00fanico, flexible e polivalente, preparado para acoller todo tipo de eventos.","og_url":"https:\/\/expocoruna.com\/gl\/quienes-somos\/","og_site_name":"EXPOCoru\u00f1a","article_modified_time":"2023-11-30T09:20:08+00:00","og_image":[{"width":1920,"height":1000,"url":"https:\/\/expocoruna.com\/wp-content\/uploads\/2023\/11\/expocoruna-quienes-somos-01.jpg","type":"image\/jpeg"}],"twitter_card":"summary_large_image","twitter_misc":{"Tempo de lectura":"3 minutos"},"schema":{"@context":"https:\/\/schema.org","@graph":[{"@type":"WebPage","@id":"https:\/\/expocoruna.com\/gl\/quienes-somos\/","url":"https:\/\/expocoruna.com\/gl\/quienes-somos\/","name":"Quen somos | EXPOCoru\u00f1a","isPartOf":{"@id":"https:\/\/expocoruna.com\/#website"},"primaryImageOfPage":{"@id":"https:\/\/expocoruna.com\/gl\/quienes-somos\/#primaryimage"},"image":{"@id":"https:\/\/expocoruna.com\/gl\/quienes-somos\/#primaryimage"},"thumbnailUrl":"https:\/\/expocoruna.com\/wp-content\/uploads\/2023\/11\/expocoruna-quienes-somos-01.jpg","datePublished":"2023-11-06T15:40:52+00:00","dateModified":"2023-11-30T09:20:08+00:00","description":"EXPOCoru\u00f1a constit\u00faese no ano 2008 como espazo multiusos, \u00fanico, flexible e polivalente, preparado para acoller todo tipo de eventos.","breadcrumb":{"@id":"https:\/\/expocoruna.com\/gl\/quienes-somos\/#breadcrumb"},"inLanguage":"gl-ES","potentialAction":[{"@type":"ReadAction","target":["https:\/\/expocoruna.com\/gl\/quienes-somos\/"]}]},{"@type":"ImageObject","inLanguage":"gl-ES","@id":"https:\/\/expocoruna.com\/gl\/quienes-somos\/#primaryimage","url":"https:\/\/expocoruna.com\/wp-content\/uploads\/2023\/11\/expocoruna-quienes-somos-01.jpg","contentUrl":"https:\/\/expocoruna.com\/wp-content\/uploads\/2023\/11\/expocoruna-quienes-somos-01.jpg","width":1920,"height":1000},{"@type":"BreadcrumbList","@id":"https:\/\/expocoruna.com\/gl\/quienes-somos\/#breadcrumb","itemListElement":[{"@type":"ListItem","position":1,"name":"Portada","item":"https:\/\/expocoruna.com\/gl\/"},{"@type":"ListItem","position":2,"name":"O escaparate de Galicia."}]},{"@type":"WebSite","@id":"https:\/\/expocoruna.com\/#website","url":"https:\/\/expocoruna.com\/","name":"EXPOCoru\u00f1a","description":"Somos el escaparate de Galicia","publisher":{"@id":"https:\/\/expocoruna.com\/#organization"},"potentialAction":[{"@type":"SearchAction","target":{"@type":"EntryPoint","urlTemplate":"https:\/\/expocoruna.com\/?s={search_term_string}"},"query-input":{"@type":"PropertyValueSpecification","valueRequired":true,"valueName":"search_term_string"}}],"inLanguage":"gl-ES"},{"@type":"Organization","@id":"https:\/\/expocoruna.com\/#organization","name":"EXPOCoru\u00f1a","url":"https:\/\/expocoruna.com\/","logo":{"@type":"ImageObject","inLanguage":"gl-ES","@id":"https:\/\/expocoruna.com\/#\/schema\/logo\/image\/","url":"https:\/\/expocoruna.com\/wp-content\/uploads\/2023\/11\/logo-expocoruna-rojo.svg","contentUrl":"https:\/\/expocoruna.com\/wp-content\/uploads\/2023\/11\/logo-expocoruna-rojo.svg","width":577,"height":229,"caption":"EXPOCoru\u00f1a"},"image":{"@id":"https:\/\/expocoruna.com\/#\/schema\/logo\/image\/"}}]}},"_links":{"self":[{"href":"https:\/\/expocoruna.com\/gl\/wp-json\/wp\/v2\/pages\/1138","targetHints":{"allow":["GET"]}}],"collection":[{"href":"https:\/\/expocoruna.com\/gl\/wp-json\/wp\/v2\/pages"}],"about":[{"href":"https:\/\/expocoruna.com\/gl\/wp-json\/wp\/v2\/types\/page"}],"author":[{"embeddable":true,"href":"https:\/\/expocoruna.com\/gl\/wp-json\/wp\/v2\/users\/1"}],"replies":[{"embeddable":true,"href":"https:\/\/expocoruna.com\/gl\/wp-json\/wp\/v2\/comments?post=1138"}],"version-history":[{"count":3,"href":"https:\/\/expocoruna.com\/gl\/wp-json\/wp\/v2\/pages\/1138\/revisions"}],"predecessor-version":[{"id":1248,"href":"https:\/\/expocoruna.com\/gl\/wp-json\/wp\/v2\/pages\/1138\/revisions\/1248"}],"wp:featuredmedia":[{"embeddable":true,"href":"https:\/\/expocoruna.com\/gl\/wp-json\/wp\/v2\/media\/965"}],"wp:attachment":[{"href":"https:\/\/expocoruna.com\/gl\/wp-json\/wp\/v2\/media?parent=1138"}],"curies":[{"name":"wp","href":"https:\/\/api.w.org\/{rel}","templated":true}]}}