{"id":1134,"date":"2023-11-06T16:41:04","date_gmt":"2023-11-06T15:41:04","guid":{"rendered":"https:\/\/expocoruna.com\/servicios\/"},"modified":"2023-11-30T10:48:13","modified_gmt":"2023-11-30T09:48:13","slug":"servicios","status":"publish","type":"page","link":"https:\/\/expocoruna.com\/gl\/servicios\/","title":{"rendered":"Servizos que dan forma \u00e1 t\u00faa idea."},"content":{"rendered":"<p>[et_pb_section fb_built=&#8221;1&#8243; custom_padding_last_edited=&#8221;off|desktop&#8221; admin_label=&#8221;CABECERA CON FOTO&#8221; _builder_version=&#8221;4.23&#8243; _dynamic_attributes=&#8221;background_image&#8221; use_background_color_gradient=&#8221;on&#8221; background_color_gradient_stops=&#8221;#ff0000 0%|rgba(255,255,255,0) 99%&#8221; background_color_gradient_overlays_image=&#8221;on&#8221; background_image=&#8221;@ET-DC@eyJkeW5hbWljIjp0cnVlLCJjb250ZW50IjoicG9zdF9mZWF0dXJlZF9pbWFnZSIsInNldHRpbmdzIjp7fX0=@&#8221; custom_margin=&#8221;0px||8rem||false|false&#8221; custom_padding=&#8221;20rem||20rem||true|false&#8221; custom_padding_tablet=&#8221;12rem||12rem||true|false&#8221; custom_padding_phone=&#8221;10rem||10rem||true|false&#8221; global_module=&#8221;309&#8243; global_colors_info=&#8221;{}&#8221;][et_pb_row _builder_version=&#8221;4.23&#8243; _module_preset=&#8221;default&#8221; global_colors_info=&#8221;{}&#8221;][et_pb_column type=&#8221;4_4&#8243; _builder_version=&#8221;4.23&#8243; _module_preset=&#8221;default&#8221; global_colors_info=&#8221;{}&#8221;][et_pb_post_title meta=&#8221;off&#8221; featured_image=&#8221;off&#8221; text_color=&#8221;light&#8221; _builder_version=&#8221;4.23&#8243; _module_preset=&#8221;default&#8221; text_orientation=&#8221;center&#8221; global_colors_info=&#8221;{}&#8221;][\/et_pb_post_title][\/et_pb_column][\/et_pb_row][\/et_pb_section][et_pb_section fb_built=&#8221;1&#8243; admin_label=&#8221;servicios&#8221; _builder_version=&#8221;4.23&#8243; _module_preset=&#8221;default&#8221; custom_margin=&#8221;0px||8rem||false|false&#8221; custom_padding=&#8221;0px||0px||false|false&#8221; global_colors_info=&#8221;{}&#8221;][et_pb_row column_structure=&#8221;1_2,1_2&#8243; use_custom_gutter=&#8221;on&#8221; gutter_width=&#8221;2&#8243; _builder_version=&#8221;4.23&#8243; _module_preset=&#8221;default&#8221; custom_margin=&#8221;0px||0px||false|false&#8221; custom_padding=&#8221;0px||0px||false|false&#8221; global_colors_info=&#8221;{}&#8221;][et_pb_column type=&#8221;1_2&#8243; _builder_version=&#8221;4.23&#8243; _module_preset=&#8221;default&#8221; global_colors_info=&#8221;{}&#8221;][et_pb_text _builder_version=&#8221;4.23&#8243; _module_preset=&#8221;default&#8221; max_width=&#8221;650px&#8221; max_width_tablet=&#8221;100%&#8221; max_width_phone=&#8221;100%&#8221; max_width_last_edited=&#8221;on|tablet&#8221; custom_margin=&#8221;0px||0px||false|false&#8221; custom_padding=&#8221;0px||0px||false|false&#8221; global_colors_info=&#8221;{}&#8221;]<\/p>\n<h2 class=\"tx-rojo subtitle-h4\">Se es organizador, EXPOCoru\u00f1a ofr\u00e9ceche todos os servizos necesarios para organizar calquera tipo de evento.<\/h2>\n<p>[\/et_pb_text][\/et_pb_column][et_pb_column type=&#8221;1_2&#8243; _builder_version=&#8221;4.23&#8243; _module_preset=&#8221;default&#8221; global_colors_info=&#8221;{}&#8221;][et_pb_text _builder_version=&#8221;4.23&#8243; _module_preset=&#8221;default&#8221; custom_margin=&#8221;0px||2rem||false|false&#8221; custom_margin_tablet=&#8221;0px||2rem||false|false&#8221; custom_margin_phone=&#8221;0px||1rem||false|false&#8221; custom_margin_last_edited=&#8221;on|tablet&#8221; custom_padding=&#8221;0px||0px||false|false&#8221; global_colors_info=&#8221;{}&#8221;]<\/p>\n<p>Po\u00f1emos a dispor dos promotores, organizadores e expositores unha atenci\u00f3n personalizada, ofrecemos un servizo integral coa opci\u00f3n de contratar unha ampla oferta de servizos.<\/p>\n<p>[\/et_pb_text][et_pb_text _builder_version=&#8221;4.23&#8243; _module_preset=&#8221;default&#8221; custom_margin=&#8221;0px||2rem||false|false&#8221; custom_margin_tablet=&#8221;0px||2rem||false|false&#8221; custom_margin_phone=&#8221;0px||1rem||false|false&#8221; custom_margin_last_edited=&#8221;off|phone&#8221; custom_padding=&#8221;0px||0px||false|false&#8221; custom_css_main_element=&#8221;column-count: 2;&#8221; global_colors_info=&#8221;{}&#8221; custom_css_main_element_last_edited=&#8221;on|phone&#8221; custom_css_main_element_phone=&#8221; column-count: 1;&#8221; custom_css_main_element_tablet=&#8221;column-count: 2;&#8221;]<\/p>\n<p class=\"tx-rojo\">Servizos externalizados.<\/p>\n<p>Profesionais ao servizo do teu evento: azafatas, taquilleiros, montadores&#8230;<\/p>\n<p class=\"tx-rojo\">Comunicaci\u00f3n<\/p>\n<p>Podemos axudarche a dar visibilidade ao teu evento a trav\u00e9s dos diferentes medios, redes sociais e p\u00e1xinas do sector.<\/p>\n<p class=\"tx-rojo\">Servizos tur\u00edsticos.<\/p>\n<p>Desprazamentos, Guias tur\u00edsticos, tradutores e aloxamento.<\/p>\n<p class=\"tx-rojo\">Decoraci\u00f3n ef\u00e9mera e montaxe de casetas.<\/p>\n<p class=\"tx-rojo\">Audiovisuais, iluminaci\u00f3n, rotulaci\u00f3n, etc.<\/p>\n<p class=\"tx-rojo\">C\u00e1tering.<\/p>\n<p>[\/et_pb_text][et_pb_button button_url=&#8221;mailto:direccion@expocoruna.com&#8221; url_new_window=&#8221;on&#8221; button_text=&#8221;Contacta para m\u00e1is info&#8221; button_alignment=&#8221;left&#8221; _builder_version=&#8221;4.23&#8243; _module_preset=&#8221;default&#8221; custom_margin=&#8221;0rem||0px||false|false&#8221; global_colors_info=&#8221;{}&#8221;][\/et_pb_button][\/et_pb_column][\/et_pb_row][\/et_pb_section][et_pb_section fb_built=&#8221;1&#8243; custom_padding_last_edited=&#8221;on|phone&#8221; admin_label=&#8221;equipo&#8221; _builder_version=&#8221;4.23&#8243; _module_preset=&#8221;default&#8221; use_background_color_gradient=&#8221;on&#8221; background_color_gradient_direction=&#8221;90deg&#8221; background_color_gradient_stops=&#8221;#ff0000 0%|rgba(255,255,255,0) 100%&#8221; background_color_gradient_overlays_image=&#8221;on&#8221; background_image=&#8221;https:\/\/expocoruna.com\/wp-content\/uploads\/2023\/11\/servicios-01.jpg&#8221; width=&#8221;90%&#8221; width_tablet=&#8221;80%&#8221; width_phone=&#8221;80%&#8221; width_last_edited=&#8221;on|phone&#8221; max_width=&#8221;1580px&#8221; module_alignment=&#8221;center&#8221; custom_margin=&#8221;0px||8rem||false|false&#8221; custom_margin_tablet=&#8221;0px||4rem||false|false&#8221; custom_margin_phone=&#8221;0px||4rem||false|false&#8221; custom_margin_last_edited=&#8221;on|tablet&#8221; custom_padding=&#8221;8rem||38vh||false|false&#8221; custom_padding_tablet=&#8221;||8rem||false|false&#8221; custom_padding_phone=&#8221;4rem||4rem||false|false&#8221; hover_enabled=&#8221;0&#8243; global_colors_info=&#8221;{}&#8221; sticky_enabled=&#8221;0&#8243;][et_pb_row column_structure=&#8221;3_5,2_5&#8243; _builder_version=&#8221;4.23&#8243; _module_preset=&#8221;default&#8221; max_width=&#8221;1300px&#8221; custom_margin=&#8221;0px||16px||false|false&#8221; custom_padding=&#8221;0px||0px||false|false&#8221; global_colors_info=&#8221;{}&#8221;][et_pb_column type=&#8221;3_5&#8243; _builder_version=&#8221;4.23&#8243; _module_preset=&#8221;default&#8221; global_colors_info=&#8221;{}&#8221;][et_pb_text _builder_version=&#8221;4.23&#8243; _module_preset=&#8221;default&#8221; background_layout=&#8221;dark&#8221; max_width=&#8221;780px&#8221; max_width_tablet=&#8221;100%&#8221; max_width_phone=&#8221;100%&#8221; max_width_last_edited=&#8221;on|tablet&#8221; custom_margin=&#8221;0px||2rem||false|false&#8221; custom_padding=&#8221;0px||0px||false|false&#8221; global_colors_info=&#8221;{}&#8221;]<\/p>\n<h2 class=\"subtitle-h4\">Un equipo multidisciplinar que asegura a excelencia.<\/h2>\n<p>[\/et_pb_text][et_pb_text _builder_version=&#8221;4.23&#8243; _module_preset=&#8221;default&#8221; text_line_height=&#8221;180%&#8221; background_layout=&#8221;dark&#8221; max_width=&#8221;780px&#8221; max_width_tablet=&#8221;100%&#8221; max_width_phone=&#8221;100%&#8221; max_width_last_edited=&#8221;on|tablet&#8221; custom_margin=&#8221;0px||80px||false|false&#8221; custom_padding=&#8221;0px||0px||false|false&#8221; global_colors_info=&#8221;{}&#8221;]<\/p>\n<p class=\"subtitle-h5\">Os nosos especialistas estar\u00e1n \u00e1 t\u00faa dispor para axudarte a materializar os teus proxectos.<\/p>\n<p>[\/et_pb_text][et_pb_button button_url=&#8221;https:\/\/expocoruna.com\/gl\/experiencias\/&#8221; url_new_window=&#8221;on&#8221; button_text=&#8221;Co\u00f1ece o noso traballo&#8221; button_alignment=&#8221;left&#8221; _builder_version=&#8221;4.23&#8243; _module_preset=&#8221;default&#8221; background_layout=&#8221;dark&#8221; custom_margin=&#8221;0rem||0px||false|false&#8221; global_colors_info=&#8221;{}&#8221;][\/et_pb_button][\/et_pb_column][et_pb_column type=&#8221;2_5&#8243; _builder_version=&#8221;4.23&#8243; _module_preset=&#8221;default&#8221; global_colors_info=&#8221;{}&#8221;][\/et_pb_column][\/et_pb_row][\/et_pb_section][et_pb_section fb_built=&#8221;1&#8243; admin_label=&#8221;titulo&#8221; _builder_version=&#8221;4.23&#8243; _module_preset=&#8221;default&#8221; custom_margin=&#8221;0px||8rem||false|false&#8221; custom_margin_tablet=&#8221;||4rem||false|false&#8221; custom_margin_phone=&#8221;||4rem||false|false&#8221; custom_margin_last_edited=&#8221;on|tablet&#8221; custom_padding=&#8221;0px||0px||false|false&#8221; global_colors_info=&#8221;{}&#8221;][et_pb_row _builder_version=&#8221;4.23&#8243; _module_preset=&#8221;default&#8221; custom_margin=&#8221;0px||0px||false|false&#8221; custom_margin_tablet=&#8221;||4rem||false|false&#8221; custom_margin_phone=&#8221;||4rem||false|false&#8221; custom_margin_last_edited=&#8221;off|desktop&#8221; custom_padding=&#8221;0px||0px||false|false&#8221; global_colors_info=&#8221;{}&#8221;][et_pb_column type=&#8221;4_4&#8243; _builder_version=&#8221;4.23&#8243; _module_preset=&#8221;default&#8221; global_colors_info=&#8221;{}&#8221;][et_pb_text _builder_version=&#8221;4.23&#8243; _module_preset=&#8221;default&#8221; text_orientation=&#8221;center&#8221; custom_margin=&#8221;0px||0px||false|false&#8221; custom_margin_tablet=&#8221;0px||4rem||false|false&#8221; custom_margin_phone=&#8221;0px||1rem||false|false&#8221; custom_margin_last_edited=&#8221;off|desktop&#8221; custom_padding=&#8221;0px||0px||false|false&#8221; global_colors_info=&#8221;{}&#8221;]<\/p>\n<h2 class=\"tx-rojo\">O equilibrio perfecto entre soluci\u00f3ns e especialistas.<\/h2>\n<p>[\/et_pb_text][\/et_pb_column][\/et_pb_row][\/et_pb_section][et_pb_section fb_built=&#8221;1&#8243; custom_padding_last_edited=&#8221;on|phone&#8221; admin_label=&#8221;una idea, un espacio&#8221; _builder_version=&#8221;4.23&#8243; use_background_color_gradient=&#8221;on&#8221; background_color_gradient_stops=&#8221;rgba(255,255,255,0) 0%|#ff0000 100%&#8221; background_color_gradient_overlays_image=&#8221;on&#8221; background_image=&#8221;https:\/\/expocoruna.com\/wp-content\/uploads\/2023\/11\/expocoruna-espacio-eventos.jpg&#8221; background_position=&#8221;top_center&#8221; custom_margin=&#8221;0px||0px||false|false&#8221; custom_padding=&#8221;15rem||15rem||true|false&#8221; custom_padding_tablet=&#8221;12rem||12rem||true|false&#8221; custom_padding_phone=&#8221;10rem||10rem||true|false&#8221; global_colors_info=&#8221;{}&#8221;][et_pb_row _builder_version=&#8221;4.23&#8243; _module_preset=&#8221;default&#8221; custom_margin=&#8221;0px||0px||false|false&#8221; custom_padding=&#8221;0px||0px||false|false&#8221; global_colors_info=&#8221;{}&#8221;][et_pb_column type=&#8221;4_4&#8243; _builder_version=&#8221;4.23&#8243; _module_preset=&#8221;default&#8221; global_colors_info=&#8221;{}&#8221;][et_pb_text _builder_version=&#8221;4.23&#8243; _module_preset=&#8221;default&#8221; text_orientation=&#8221;center&#8221; background_layout=&#8221;dark&#8221; custom_margin=&#8221;0px||4vw||false|false&#8221; custom_padding=&#8221;0px||0px||false|false&#8221; global_colors_info=&#8221;{}&#8221;]<\/p>\n<h2>Unha idea.<br \/>\nUn espazo.<\/h2>\n<p>[\/et_pb_text][et_pb_button button_url=&#8221;https:\/\/expocoruna.com\/gl\/espacios\/&#8221; button_text=&#8221;Descubre EXPOCoru\u00f1a&#8221; button_alignment=&#8221;center&#8221; _builder_version=&#8221;4.23&#8243; _module_preset=&#8221;default&#8221; background_layout=&#8221;dark&#8221; custom_margin=&#8221;0px||0px||false|false&#8221; custom_padding=&#8221;||||false|false&#8221; global_colors_info=&#8221;{}&#8221;][\/et_pb_button][\/et_pb_column][\/et_pb_row][\/et_pb_section]<\/p>\n","protected":false},"excerpt":{"rendered":"<p>Se es organizador, EXPOCoru\u00f1a ofr\u00e9ceche todos os servizos necesarios para organizar calquera tipo de evento.Po\u00f1emos a dispor dos promotores, organizadores e expositores unha atenci\u00f3n personalizada, ofrecemos un servizo integral coa opci\u00f3n de contratar unha ampla oferta de servizos.Servizos externalizados. Profesionais ao servizo do teu evento: azafatas, taquilleiros, montadores&#8230; Comunicaci\u00f3n Podemos axudarche a dar visibilidade ao [&hellip;]<\/p>\n","protected":false},"author":1,"featured_media":919,"parent":0,"menu_order":0,"comment_status":"closed","ping_status":"closed","template":"","meta":{"_et_pb_use_builder":"on","_et_pb_old_content":"","_et_gb_content_width":"","footnotes":""},"class_list":["post-1134","page","type-page","status-publish","has-post-thumbnail","hentry"],"acf":[],"yoast_head":"<!-- This site is optimized with the Yoast SEO plugin v26.6 - https:\/\/yoast.com\/wordpress\/plugins\/seo\/ -->\n<title>Servizos | EXPOCoru\u00f1a<\/title>\n<meta name=\"description\" content=\"Se es promotor, EXPOCoru\u00f1a ofr\u00e9ceche todos os servizos necesarios para organizar calquera tipo de evento.\" \/>\n<meta name=\"robots\" content=\"index, follow, max-snippet:-1, max-image-preview:large, max-video-preview:-1\" \/>\n<link rel=\"canonical\" href=\"https:\/\/expocoruna.com\/gl\/servicios\/\" \/>\n<meta property=\"og:locale\" content=\"gl_ES\" \/>\n<meta property=\"og:type\" content=\"article\" \/>\n<meta property=\"og:title\" content=\"Servizos | EXPOCoru\u00f1a\" \/>\n<meta property=\"og:description\" content=\"Se es promotor, EXPOCoru\u00f1a ofr\u00e9ceche todos os servizos necesarios para organizar calquera tipo de evento.\" \/>\n<meta property=\"og:url\" content=\"https:\/\/expocoruna.com\/gl\/servicios\/\" \/>\n<meta property=\"og:site_name\" content=\"EXPOCoru\u00f1a\" \/>\n<meta property=\"article:modified_time\" content=\"2023-11-30T09:48:13+00:00\" \/>\n<meta property=\"og:image\" content=\"https:\/\/expocoruna.com\/wp-content\/uploads\/2023\/11\/expocoruna-piso-servicios-home.jpg\" \/>\n\t<meta property=\"og:image:width\" content=\"1920\" \/>\n\t<meta property=\"og:image:height\" content=\"1281\" \/>\n\t<meta property=\"og:image:type\" content=\"image\/jpeg\" \/>\n<meta name=\"twitter:card\" content=\"summary_large_image\" \/>\n<meta name=\"twitter:label1\" content=\"Tempo de lectura\" \/>\n\t<meta name=\"twitter:data1\" content=\"2 minutos\" \/>\n<script type=\"application\/ld+json\" class=\"yoast-schema-graph\">{\"@context\":\"https:\/\/schema.org\",\"@graph\":[{\"@type\":\"WebPage\",\"@id\":\"https:\/\/expocoruna.com\/gl\/servicios\/\",\"url\":\"https:\/\/expocoruna.com\/gl\/servicios\/\",\"name\":\"Servizos | EXPOCoru\u00f1a\",\"isPartOf\":{\"@id\":\"https:\/\/expocoruna.com\/#website\"},\"primaryImageOfPage\":{\"@id\":\"https:\/\/expocoruna.com\/gl\/servicios\/#primaryimage\"},\"image\":{\"@id\":\"https:\/\/expocoruna.com\/gl\/servicios\/#primaryimage\"},\"thumbnailUrl\":\"https:\/\/expocoruna.com\/wp-content\/uploads\/2023\/11\/expocoruna-piso-servicios-home.jpg\",\"datePublished\":\"2023-11-06T15:41:04+00:00\",\"dateModified\":\"2023-11-30T09:48:13+00:00\",\"description\":\"Se es promotor, EXPOCoru\u00f1a ofr\u00e9ceche todos os servizos necesarios para organizar calquera tipo de evento.\",\"breadcrumb\":{\"@id\":\"https:\/\/expocoruna.com\/gl\/servicios\/#breadcrumb\"},\"inLanguage\":\"gl-ES\",\"potentialAction\":[{\"@type\":\"ReadAction\",\"target\":[\"https:\/\/expocoruna.com\/gl\/servicios\/\"]}]},{\"@type\":\"ImageObject\",\"inLanguage\":\"gl-ES\",\"@id\":\"https:\/\/expocoruna.com\/gl\/servicios\/#primaryimage\",\"url\":\"https:\/\/expocoruna.com\/wp-content\/uploads\/2023\/11\/expocoruna-piso-servicios-home.jpg\",\"contentUrl\":\"https:\/\/expocoruna.com\/wp-content\/uploads\/2023\/11\/expocoruna-piso-servicios-home.jpg\",\"width\":1920,\"height\":1281},{\"@type\":\"BreadcrumbList\",\"@id\":\"https:\/\/expocoruna.com\/gl\/servicios\/#breadcrumb\",\"itemListElement\":[{\"@type\":\"ListItem\",\"position\":1,\"name\":\"Portada\",\"item\":\"https:\/\/expocoruna.com\/gl\/\"},{\"@type\":\"ListItem\",\"position\":2,\"name\":\"Servizos que dan forma \u00e1 t\u00faa idea.\"}]},{\"@type\":\"WebSite\",\"@id\":\"https:\/\/expocoruna.com\/#website\",\"url\":\"https:\/\/expocoruna.com\/\",\"name\":\"EXPOCoru\u00f1a\",\"description\":\"Somos el escaparate de Galicia\",\"publisher\":{\"@id\":\"https:\/\/expocoruna.com\/#organization\"},\"potentialAction\":[{\"@type\":\"SearchAction\",\"target\":{\"@type\":\"EntryPoint\",\"urlTemplate\":\"https:\/\/expocoruna.com\/?s={search_term_string}\"},\"query-input\":{\"@type\":\"PropertyValueSpecification\",\"valueRequired\":true,\"valueName\":\"search_term_string\"}}],\"inLanguage\":\"gl-ES\"},{\"@type\":\"Organization\",\"@id\":\"https:\/\/expocoruna.com\/#organization\",\"name\":\"EXPOCoru\u00f1a\",\"url\":\"https:\/\/expocoruna.com\/\",\"logo\":{\"@type\":\"ImageObject\",\"inLanguage\":\"gl-ES\",\"@id\":\"https:\/\/expocoruna.com\/#\/schema\/logo\/image\/\",\"url\":\"https:\/\/expocoruna.com\/wp-content\/uploads\/2023\/11\/logo-expocoruna-rojo.svg\",\"contentUrl\":\"https:\/\/expocoruna.com\/wp-content\/uploads\/2023\/11\/logo-expocoruna-rojo.svg\",\"width\":577,\"height\":229,\"caption\":\"EXPOCoru\u00f1a\"},\"image\":{\"@id\":\"https:\/\/expocoruna.com\/#\/schema\/logo\/image\/\"}}]}<\/script>\n<!-- \/ Yoast SEO plugin. -->","yoast_head_json":{"title":"Servizos | EXPOCoru\u00f1a","description":"Se es promotor, EXPOCoru\u00f1a ofr\u00e9ceche todos os servizos necesarios para organizar calquera tipo de evento.","robots":{"index":"index","follow":"follow","max-snippet":"max-snippet:-1","max-image-preview":"max-image-preview:large","max-video-preview":"max-video-preview:-1"},"canonical":"https:\/\/expocoruna.com\/gl\/servicios\/","og_locale":"gl_ES","og_type":"article","og_title":"Servizos | EXPOCoru\u00f1a","og_description":"Se es promotor, EXPOCoru\u00f1a ofr\u00e9ceche todos os servizos necesarios para organizar calquera tipo de evento.","og_url":"https:\/\/expocoruna.com\/gl\/servicios\/","og_site_name":"EXPOCoru\u00f1a","article_modified_time":"2023-11-30T09:48:13+00:00","og_image":[{"width":1920,"height":1281,"url":"https:\/\/expocoruna.com\/wp-content\/uploads\/2023\/11\/expocoruna-piso-servicios-home.jpg","type":"image\/jpeg"}],"twitter_card":"summary_large_image","twitter_misc":{"Tempo de lectura":"2 minutos"},"schema":{"@context":"https:\/\/schema.org","@graph":[{"@type":"WebPage","@id":"https:\/\/expocoruna.com\/gl\/servicios\/","url":"https:\/\/expocoruna.com\/gl\/servicios\/","name":"Servizos | EXPOCoru\u00f1a","isPartOf":{"@id":"https:\/\/expocoruna.com\/#website"},"primaryImageOfPage":{"@id":"https:\/\/expocoruna.com\/gl\/servicios\/#primaryimage"},"image":{"@id":"https:\/\/expocoruna.com\/gl\/servicios\/#primaryimage"},"thumbnailUrl":"https:\/\/expocoruna.com\/wp-content\/uploads\/2023\/11\/expocoruna-piso-servicios-home.jpg","datePublished":"2023-11-06T15:41:04+00:00","dateModified":"2023-11-30T09:48:13+00:00","description":"Se es promotor, EXPOCoru\u00f1a ofr\u00e9ceche todos os servizos necesarios para organizar calquera tipo de evento.","breadcrumb":{"@id":"https:\/\/expocoruna.com\/gl\/servicios\/#breadcrumb"},"inLanguage":"gl-ES","potentialAction":[{"@type":"ReadAction","target":["https:\/\/expocoruna.com\/gl\/servicios\/"]}]},{"@type":"ImageObject","inLanguage":"gl-ES","@id":"https:\/\/expocoruna.com\/gl\/servicios\/#primaryimage","url":"https:\/\/expocoruna.com\/wp-content\/uploads\/2023\/11\/expocoruna-piso-servicios-home.jpg","contentUrl":"https:\/\/expocoruna.com\/wp-content\/uploads\/2023\/11\/expocoruna-piso-servicios-home.jpg","width":1920,"height":1281},{"@type":"BreadcrumbList","@id":"https:\/\/expocoruna.com\/gl\/servicios\/#breadcrumb","itemListElement":[{"@type":"ListItem","position":1,"name":"Portada","item":"https:\/\/expocoruna.com\/gl\/"},{"@type":"ListItem","position":2,"name":"Servizos que dan forma \u00e1 t\u00faa idea."}]},{"@type":"WebSite","@id":"https:\/\/expocoruna.com\/#website","url":"https:\/\/expocoruna.com\/","name":"EXPOCoru\u00f1a","description":"Somos el escaparate de Galicia","publisher":{"@id":"https:\/\/expocoruna.com\/#organization"},"potentialAction":[{"@type":"SearchAction","target":{"@type":"EntryPoint","urlTemplate":"https:\/\/expocoruna.com\/?s={search_term_string}"},"query-input":{"@type":"PropertyValueSpecification","valueRequired":true,"valueName":"search_term_string"}}],"inLanguage":"gl-ES"},{"@type":"Organization","@id":"https:\/\/expocoruna.com\/#organization","name":"EXPOCoru\u00f1a","url":"https:\/\/expocoruna.com\/","logo":{"@type":"ImageObject","inLanguage":"gl-ES","@id":"https:\/\/expocoruna.com\/#\/schema\/logo\/image\/","url":"https:\/\/expocoruna.com\/wp-content\/uploads\/2023\/11\/logo-expocoruna-rojo.svg","contentUrl":"https:\/\/expocoruna.com\/wp-content\/uploads\/2023\/11\/logo-expocoruna-rojo.svg","width":577,"height":229,"caption":"EXPOCoru\u00f1a"},"image":{"@id":"https:\/\/expocoruna.com\/#\/schema\/logo\/image\/"}}]}},"_links":{"self":[{"href":"https:\/\/expocoruna.com\/gl\/wp-json\/wp\/v2\/pages\/1134","targetHints":{"allow":["GET"]}}],"collection":[{"href":"https:\/\/expocoruna.com\/gl\/wp-json\/wp\/v2\/pages"}],"about":[{"href":"https:\/\/expocoruna.com\/gl\/wp-json\/wp\/v2\/types\/page"}],"author":[{"embeddable":true,"href":"https:\/\/expocoruna.com\/gl\/wp-json\/wp\/v2\/users\/1"}],"replies":[{"embeddable":true,"href":"https:\/\/expocoruna.com\/gl\/wp-json\/wp\/v2\/comments?post=1134"}],"version-history":[{"count":2,"href":"https:\/\/expocoruna.com\/gl\/wp-json\/wp\/v2\/pages\/1134\/revisions"}],"predecessor-version":[{"id":1258,"href":"https:\/\/expocoruna.com\/gl\/wp-json\/wp\/v2\/pages\/1134\/revisions\/1258"}],"wp:featuredmedia":[{"embeddable":true,"href":"https:\/\/expocoruna.com\/gl\/wp-json\/wp\/v2\/media\/919"}],"wp:attachment":[{"href":"https:\/\/expocoruna.com\/gl\/wp-json\/wp\/v2\/media?parent=1134"}],"curies":[{"name":"wp","href":"https:\/\/api.w.org\/{rel}","templated":true}]}}