{"id":1118,"date":"2023-11-13T09:56:37","date_gmt":"2023-11-13T08:56:37","guid":{"rendered":"https:\/\/expocoruna.com\/hall\/"},"modified":"2024-06-04T09:30:30","modified_gmt":"2024-06-04T07:30:30","slug":"hall","status":"publish","type":"page","link":"https:\/\/expocoruna.com\/gl\/espacios\/hall\/","title":{"rendered":"Hall"},"content":{"rendered":"<p>[et_pb_section fb_built=&#8221;1&#8243; admin_label=&#8221;CABECERA SIMPLE &#8211; T\u00cdTULO PEQUE\u00d1O&#8221; _builder_version=&#8221;4.23&#8243; _module_preset=&#8221;default&#8221; custom_margin=&#8221;8rem||8rem||true|false&#8221; custom_margin_tablet=&#8221;4rem||4rem||true|false&#8221; custom_margin_phone=&#8221;4rem||4rem||true|false&#8221; custom_margin_last_edited=&#8221;on|tablet&#8221; custom_padding=&#8221;0px||0px||false|false&#8221; saved_tabs=&#8221;all&#8221; global_colors_info=&#8221;{}&#8221;][et_pb_row _builder_version=&#8221;4.23&#8243; _module_preset=&#8221;default&#8221; custom_margin=&#8221;0px||0px||false|false&#8221; custom_padding=&#8221;0px||0px||false|false&#8221; global_colors_info=&#8221;{}&#8221;][et_pb_column type=&#8221;4_4&#8243; _builder_version=&#8221;4.23&#8243; _module_preset=&#8221;default&#8221; global_colors_info=&#8221;{}&#8221;][et_pb_post_title meta=&#8221;off&#8221; featured_image=&#8221;off&#8221; module_class=&#8221;cabecera-2&#8243; _builder_version=&#8221;4.23&#8243; _module_preset=&#8221;default&#8221; title_text_color=&#8221;#FF0000&#8243; text_orientation=&#8221;center&#8221; custom_margin=&#8221;0px||0px||false|false&#8221; custom_padding=&#8221;0px||0px||false|false&#8221; global_colors_info=&#8221;{}&#8221;][\/et_pb_post_title][\/et_pb_column][\/et_pb_row][\/et_pb_section][et_pb_section fb_built=&#8221;1&#8243; admin_label=&#8221;slider&#8221; _builder_version=&#8221;4.23&#8243; _module_preset=&#8221;default&#8221; custom_margin=&#8221;6rem||6rem||true|false&#8221; custom_margin_tablet=&#8221;4rem||4rem||true|false&#8221; custom_margin_phone=&#8221;2rem||2rem||true|false&#8221; custom_margin_last_edited=&#8221;on|phone&#8221; custom_padding=&#8221;0px||0px||false|false&#8221; global_colors_info=&#8221;{}&#8221;][et_pb_row _builder_version=&#8221;4.23&#8243; _module_preset=&#8221;default&#8221; custom_margin=&#8221;0px||0px||false|false&#8221; custom_padding=&#8221;0px||0px||false|false&#8221; global_colors_info=&#8221;{}&#8221;][et_pb_column type=&#8221;4_4&#8243; _builder_version=&#8221;4.23&#8243; _module_preset=&#8221;default&#8221; global_colors_info=&#8221;{}&#8221;][et_pb_slider show_arrows=&#8221;off&#8221; dot_nav_custom_color=&#8221;#FFFFFF&#8221; module_class=&#8221;slider-espacios&#8221; _builder_version=&#8221;4.23&#8243; _module_preset=&#8221;default&#8221; header_level=&#8221;h3&#8243; header_font=&#8221;|700|||||||&#8221; header_font_size=&#8221;3rem&#8221; text_orientation=&#8221;left&#8221; min_height=&#8221;1050px&#8221; min_height_tablet=&#8221;600px&#8221; min_height_phone=&#8221;350px&#8221; min_height_last_edited=&#8221;on|phone&#8221; auto=&#8221;on&#8221; auto_speed=&#8221;4000&#8243; header_font_size_tablet=&#8221;2rem&#8221; header_font_size_phone=&#8221;1.4rem&#8221; header_font_size_last_edited=&#8221;on|phone&#8221; global_colors_info=&#8221;{}&#8221;][et_pb_slide _builder_version=&#8221;4.23&#8243; _module_preset=&#8221;default&#8221; background_enable_color=&#8221;off&#8221; use_background_color_gradient=&#8221;on&#8221; background_color_gradient_direction=&#8221;90deg&#8221; background_color_gradient_stops=&#8221;#ff0000 0%|rgba(255,255,255,0) 100%&#8221; background_color_gradient_overlays_image=&#8221;on&#8221; background_image=&#8221;https:\/\/expocoruna.com\/wp-content\/uploads\/2023\/11\/hall-01.jpg&#8221; background_enable_image=&#8221;on&#8221; text_orientation=&#8221;right&#8221; global_colors_info=&#8221;{}&#8221; sticky_transition=&#8221;on&#8221;]<\/p>\n<p><span class=\"subtitle-h3\">1.971 m<sup>2<\/sup><\/span><br \/><span class=\"subtitle-h5\">de superficie \u00fatil.<\/span><\/p>\n<p><span class=\"subtitle-h3\">13 m<\/span><br \/><span class=\"subtitle-h5\">de altura m\u00e1xima.<\/span><\/p>\n<p>[\/et_pb_slide][et_pb_slide _builder_version=&#8221;4.23&#8243; _module_preset=&#8221;default&#8221; background_enable_color=&#8221;off&#8221; use_background_color_gradient=&#8221;on&#8221; background_color_gradient_direction=&#8221;90deg&#8221; background_color_gradient_stops=&#8221;#ff0000 0%|rgba(255,255,255,0) 100%&#8221; background_color_gradient_overlays_image=&#8221;on&#8221; background_image=&#8221;https:\/\/expocoruna.com\/wp-content\/uploads\/2023\/11\/hall-02.jpg&#8221; background_enable_image=&#8221;on&#8221; text_orientation=&#8221;left&#8221; global_colors_info=&#8221;{}&#8221; sticky_transition=&#8221;on&#8221;][\/et_pb_slide][et_pb_slide _builder_version=&#8221;4.23&#8243; _module_preset=&#8221;default&#8221; background_enable_color=&#8221;off&#8221; use_background_color_gradient=&#8221;on&#8221; background_color_gradient_direction=&#8221;90deg&#8221; background_color_gradient_stops=&#8221;#ff0000 0%|rgba(255,255,255,0) 100%&#8221; background_color_gradient_overlays_image=&#8221;on&#8221; background_image=&#8221;https:\/\/expocoruna.com\/wp-content\/uploads\/2023\/11\/hall-03.jpg&#8221; background_enable_image=&#8221;on&#8221; global_colors_info=&#8221;{}&#8221; sticky_transition=&#8221;on&#8221;][\/et_pb_slide][et_pb_slide _builder_version=&#8221;4.23&#8243; _module_preset=&#8221;default&#8221; background_enable_color=&#8221;off&#8221; use_background_color_gradient=&#8221;on&#8221; background_color_gradient_direction=&#8221;90deg&#8221; background_color_gradient_stops=&#8221;#ff0000 0%|rgba(255,255,255,0) 100%&#8221; background_color_gradient_overlays_image=&#8221;on&#8221; background_image=&#8221;https:\/\/expocoruna.com\/wp-content\/uploads\/2023\/11\/hall-05.jpg&#8221; background_enable_image=&#8221;on&#8221; global_colors_info=&#8221;{}&#8221; sticky_transition=&#8221;on&#8221;][\/et_pb_slide][et_pb_slide _builder_version=&#8221;4.23&#8243; _module_preset=&#8221;default&#8221; background_enable_color=&#8221;off&#8221; use_background_color_gradient=&#8221;on&#8221; background_color_gradient_direction=&#8221;90deg&#8221; background_color_gradient_stops=&#8221;#ff0000 0%|rgba(255,255,255,0) 100%&#8221; background_color_gradient_overlays_image=&#8221;on&#8221; background_image=&#8221;https:\/\/expocoruna.com\/wp-content\/uploads\/2023\/11\/hall-06.jpg&#8221; background_enable_image=&#8221;on&#8221; global_colors_info=&#8221;{}&#8221; sticky_transition=&#8221;on&#8221;][\/et_pb_slide][\/et_pb_slider][\/et_pb_column][\/et_pb_row][\/et_pb_section][et_pb_section fb_built=&#8221;1&#8243; admin_label=&#8221;info&#8221; _builder_version=&#8221;4.23&#8243; _module_preset=&#8221;default&#8221; custom_margin=&#8221;6rem||18rem||false|false&#8221; custom_margin_tablet=&#8221;4rem||10rem||false|false&#8221; custom_margin_phone=&#8221;2rem||8rem||false|false&#8221; custom_margin_last_edited=&#8221;on|phone&#8221; custom_padding=&#8221;0px||0px||false|false&#8221; global_colors_info=&#8221;{}&#8221;][et_pb_row column_structure=&#8221;1_2,1_2&#8243; _builder_version=&#8221;4.23&#8243; _module_preset=&#8221;default&#8221; custom_margin=&#8221;0px||0px||false|false&#8221; custom_padding=&#8221;0px||0px||false|false&#8221; global_colors_info=&#8221;{}&#8221;][et_pb_column type=&#8221;1_2&#8243; _builder_version=&#8221;4.23&#8243; _module_preset=&#8221;default&#8221; global_colors_info=&#8221;{}&#8221;][et_pb_text _builder_version=&#8221;4.23&#8243; _module_preset=&#8221;default&#8221; custom_margin=&#8221;0px||2rem||false|false&#8221; custom_padding=&#8221;0px||0px||false|false&#8221; global_colors_info=&#8221;{}&#8221;]<\/p>\n<h2 class=\"subtitle-h4 tx-rojo\">Un espazo que destaca pola s\u00faa accesibilidade e visibilidade.<\/h2>\n<p>[\/et_pb_text][et_pb_button button_url=&#8221;\/wp-content\/uploads\/2023\/11\/hall.pdf&#8221; url_new_window=&#8221;on&#8221; button_text=&#8221;Descarga o plano&#8221; button_alignment=&#8221;left&#8221; _builder_version=&#8221;4.23&#8243; _module_preset=&#8221;default&#8221; custom_margin=&#8221;0px||8px||false|false&#8221; hover_enabled=&#8221;0&#8243; global_colors_info=&#8221;{}&#8221; sticky_enabled=&#8221;0&#8243;][\/et_pb_button][\/et_pb_column][et_pb_column type=&#8221;1_2&#8243; _builder_version=&#8221;4.23&#8243; _module_preset=&#8221;default&#8221; global_colors_info=&#8221;{}&#8221;][et_pb_text _builder_version=&#8221;4.23&#8243; _module_preset=&#8221;default&#8221; max_width=&#8221;635px&#8221; max_width_tablet=&#8221;100%&#8221; max_width_phone=&#8221;100%&#8221; max_width_last_edited=&#8221;on|tablet&#8221; module_alignment=&#8221;right&#8221; module_alignment_tablet=&#8221;center&#8221; module_alignment_phone=&#8221;center&#8221; module_alignment_last_edited=&#8221;on|tablet&#8221; global_colors_info=&#8221;{}&#8221;]<\/p>\n<p>O Hall de EXPOCoru\u00f1a \u00e9 un dos nosos espazos expositivos m\u00e1is singulares, cunha gran accesibilidade e visibilidade, que po\u00f1emos \u00e1 t\u00faa disposici\u00f3n para que presumas do que queiras.<\/p>\n<p>[\/et_pb_text][\/et_pb_column][\/et_pb_row][\/et_pb_section][et_pb_section fb_built=&#8221;1&#8243; custom_padding_last_edited=&#8221;on|phone&#8221; admin_label=&#8221;te ayudamos a organizarlo&#8221; _builder_version=&#8221;4.23&#8243; use_background_color_gradient=&#8221;on&#8221; background_color_gradient_stops=&#8221;#ff0000 0%|rgba(255,255,255,0) 100%&#8221; background_color_gradient_overlays_image=&#8221;on&#8221; background_image=&#8221;https:\/\/expocoruna.com\/wp-content\/uploads\/2023\/11\/expocoruna-piso-servicios-home.jpg&#8221; background_position=&#8221;top_center&#8221; custom_margin=&#8221;0px||6rem||false|false&#8221; custom_padding=&#8221;15rem||15rem||true|false&#8221; custom_padding_tablet=&#8221;6rem||6rem||true|false&#8221; custom_padding_phone=&#8221;5rem||5rem||true|false&#8221; saved_tabs=&#8221;all&#8221; global_colors_info=&#8221;{}&#8221;][et_pb_row _builder_version=&#8221;4.23&#8243; _module_preset=&#8221;default&#8221; global_colors_info=&#8221;{}&#8221;][et_pb_column type=&#8221;4_4&#8243; _builder_version=&#8221;4.23&#8243; _module_preset=&#8221;default&#8221; global_colors_info=&#8221;{}&#8221;][et_pb_text _builder_version=&#8221;4.23&#8243; _module_preset=&#8221;default&#8221; text_orientation=&#8221;center&#8221; background_layout=&#8221;dark&#8221; custom_margin=&#8221;0px||4vw||false|false&#8221; custom_padding=&#8221;0px||0px||false|false&#8221; global_colors_info=&#8221;{}&#8221;]<\/p>\n<h2 class=\"subtitle-h1\">Axud\u00e1mosche<br \/>\na organizalo.<\/h2>\n<p>[\/et_pb_text][et_pb_button button_url=&#8221;https:\/\/expocoruna.com\/gl\/servicios\/&#8221; button_text=&#8221;Descobre o noso servizo personalizado.&#8221; button_alignment=&#8221;center&#8221; _builder_version=&#8221;4.23&#8243; _module_preset=&#8221;default&#8221; background_layout=&#8221;dark&#8221; custom_margin=&#8221;0px||0px||false|false&#8221; custom_padding=&#8221;||||false|false&#8221; global_colors_info=&#8221;{}&#8221;][\/et_pb_button][\/et_pb_column][\/et_pb_row][\/et_pb_section][et_pb_section fb_built=&#8221;1&#8243; custom_padding_last_edited=&#8221;on|phone&#8221; admin_label=&#8221;novedades&#8221; _builder_version=&#8221;4.23&#8243; custom_margin=&#8221;0px||6rem||false|false&#8221; custom_padding=&#8221;10rem||10rem||true|false&#8221; custom_padding_tablet=&#8221;5rem||5rem||true|false&#8221; custom_padding_phone=&#8221;2rem||2rem||true|false&#8221; saved_tabs=&#8221;all&#8221; global_colors_info=&#8221;{}&#8221;][et_pb_row _builder_version=&#8221;4.23&#8243; _module_preset=&#8221;default&#8221; max_width=&#8221;980px&#8221; custom_margin=&#8221;0px||0px||false|false&#8221; custom_padding=&#8221;0px||0px||false|false&#8221; global_colors_info=&#8221;{}&#8221;][et_pb_column type=&#8221;4_4&#8243; _builder_version=&#8221;4.23&#8243; _module_preset=&#8221;default&#8221; global_colors_info=&#8221;{}&#8221;][et_pb_text _builder_version=&#8221;4.23&#8243; _module_preset=&#8221;default&#8221; text_orientation=&#8221;center&#8221; custom_margin=&#8221;0px||2vw||false|false&#8221; custom_padding=&#8221;0px||0px||false|false&#8221; global_colors_info=&#8221;{}&#8221;]<\/p>\n<h3 class=\"tx-rojo\">Se o primeiro en descubrir que novidades che ofrece EXPOCoru\u00f1a.<\/h3>\n<p>[\/et_pb_text][et_pb_button button_url=&#8221;https:\/\/expocoruna.com\/gl\/newsletter\/&#8221; button_text=&#8221;Suscr\u00edbete \u00e1 newsletter.&#8221; button_alignment=&#8221;center&#8221; _builder_version=&#8221;4.23&#8243; _module_preset=&#8221;default&#8221; custom_margin=&#8221;0px||0px||false|false&#8221; custom_padding=&#8221;||||false|false&#8221; global_colors_info=&#8221;{}&#8221;][\/et_pb_button][\/et_pb_column][\/et_pb_row][\/et_pb_section]<\/p>\n","protected":false},"excerpt":{"rendered":"<p>1.971 m2de superficie \u00fatil. 13 mde altura m\u00e1xima.Un espazo que destaca pola s\u00faa accesibilidade e visibilidade.O Hall de EXPOCoru\u00f1a \u00e9 un dos nosos espazos expositivos m\u00e1is singulares, cunha gran accesibilidade e visibilidade, que po\u00f1emos \u00e1 t\u00faa disposici\u00f3n para que presumas do que queiras.Axud\u00e1mosche a organizalo.Se o primeiro en descubrir que novidades che ofrece EXPOCoru\u00f1a.<\/p>\n","protected":false},"author":1,"featured_media":0,"parent":1136,"menu_order":0,"comment_status":"closed","ping_status":"closed","template":"","meta":{"_et_pb_use_builder":"on","_et_pb_old_content":"","_et_gb_content_width":"","footnotes":""},"class_list":["post-1118","page","type-page","status-publish","hentry"],"acf":[],"yoast_head":"<!-- This site is optimized with the Yoast SEO plugin v26.6 - https:\/\/yoast.com\/wordpress\/plugins\/seo\/ -->\n<title>Hall | EXPOCoru\u00f1a<\/title>\n<meta name=\"description\" content=\"Un espazo que destaca pola s\u00faa accesibilidade e visibilidade.\" \/>\n<meta name=\"robots\" content=\"index, follow, max-snippet:-1, max-image-preview:large, max-video-preview:-1\" \/>\n<link rel=\"canonical\" href=\"https:\/\/expocoruna.com\/gl\/espacios\/hall\/\" \/>\n<meta property=\"og:locale\" content=\"gl_ES\" \/>\n<meta property=\"og:type\" content=\"article\" \/>\n<meta property=\"og:title\" content=\"Hall | EXPOCoru\u00f1a\" \/>\n<meta property=\"og:description\" content=\"Un espazo que destaca pola s\u00faa accesibilidade e visibilidade.\" \/>\n<meta property=\"og:url\" content=\"https:\/\/expocoruna.com\/gl\/espacios\/hall\/\" \/>\n<meta property=\"og:site_name\" content=\"EXPOCoru\u00f1a\" \/>\n<meta property=\"article:modified_time\" content=\"2024-06-04T07:30:30+00:00\" \/>\n<meta name=\"twitter:card\" content=\"summary_large_image\" \/>\n<meta name=\"twitter:label1\" content=\"Tempo de lectura\" \/>\n\t<meta name=\"twitter:data1\" content=\"2 minutos\" \/>\n<script type=\"application\/ld+json\" class=\"yoast-schema-graph\">{\"@context\":\"https:\/\/schema.org\",\"@graph\":[{\"@type\":\"WebPage\",\"@id\":\"https:\/\/expocoruna.com\/gl\/espacios\/hall\/\",\"url\":\"https:\/\/expocoruna.com\/gl\/espacios\/hall\/\",\"name\":\"Hall | EXPOCoru\u00f1a\",\"isPartOf\":{\"@id\":\"https:\/\/expocoruna.com\/#website\"},\"datePublished\":\"2023-11-13T08:56:37+00:00\",\"dateModified\":\"2024-06-04T07:30:30+00:00\",\"description\":\"Un espazo que destaca pola s\u00faa accesibilidade e visibilidade.\",\"breadcrumb\":{\"@id\":\"https:\/\/expocoruna.com\/gl\/espacios\/hall\/#breadcrumb\"},\"inLanguage\":\"gl-ES\",\"potentialAction\":[{\"@type\":\"ReadAction\",\"target\":[\"https:\/\/expocoruna.com\/gl\/espacios\/hall\/\"]}]},{\"@type\":\"BreadcrumbList\",\"@id\":\"https:\/\/expocoruna.com\/gl\/espacios\/hall\/#breadcrumb\",\"itemListElement\":[{\"@type\":\"ListItem\",\"position\":1,\"name\":\"Portada\",\"item\":\"https:\/\/expocoruna.com\/gl\/\"},{\"@type\":\"ListItem\",\"position\":2,\"name\":\"Unha idea Un espazo.\",\"item\":\"https:\/\/expocoruna.com\/gl\/espacios\/\"},{\"@type\":\"ListItem\",\"position\":3,\"name\":\"Hall\"}]},{\"@type\":\"WebSite\",\"@id\":\"https:\/\/expocoruna.com\/#website\",\"url\":\"https:\/\/expocoruna.com\/\",\"name\":\"EXPOCoru\u00f1a\",\"description\":\"Somos el escaparate de Galicia\",\"publisher\":{\"@id\":\"https:\/\/expocoruna.com\/#organization\"},\"potentialAction\":[{\"@type\":\"SearchAction\",\"target\":{\"@type\":\"EntryPoint\",\"urlTemplate\":\"https:\/\/expocoruna.com\/?s={search_term_string}\"},\"query-input\":{\"@type\":\"PropertyValueSpecification\",\"valueRequired\":true,\"valueName\":\"search_term_string\"}}],\"inLanguage\":\"gl-ES\"},{\"@type\":\"Organization\",\"@id\":\"https:\/\/expocoruna.com\/#organization\",\"name\":\"EXPOCoru\u00f1a\",\"url\":\"https:\/\/expocoruna.com\/\",\"logo\":{\"@type\":\"ImageObject\",\"inLanguage\":\"gl-ES\",\"@id\":\"https:\/\/expocoruna.com\/#\/schema\/logo\/image\/\",\"url\":\"https:\/\/expocoruna.com\/wp-content\/uploads\/2023\/11\/logo-expocoruna-rojo.svg\",\"contentUrl\":\"https:\/\/expocoruna.com\/wp-content\/uploads\/2023\/11\/logo-expocoruna-rojo.svg\",\"width\":577,\"height\":229,\"caption\":\"EXPOCoru\u00f1a\"},\"image\":{\"@id\":\"https:\/\/expocoruna.com\/#\/schema\/logo\/image\/\"}}]}<\/script>\n<!-- \/ Yoast SEO plugin. -->","yoast_head_json":{"title":"Hall | EXPOCoru\u00f1a","description":"Un espazo que destaca pola s\u00faa accesibilidade e visibilidade.","robots":{"index":"index","follow":"follow","max-snippet":"max-snippet:-1","max-image-preview":"max-image-preview:large","max-video-preview":"max-video-preview:-1"},"canonical":"https:\/\/expocoruna.com\/gl\/espacios\/hall\/","og_locale":"gl_ES","og_type":"article","og_title":"Hall | EXPOCoru\u00f1a","og_description":"Un espazo que destaca pola s\u00faa accesibilidade e visibilidade.","og_url":"https:\/\/expocoruna.com\/gl\/espacios\/hall\/","og_site_name":"EXPOCoru\u00f1a","article_modified_time":"2024-06-04T07:30:30+00:00","twitter_card":"summary_large_image","twitter_misc":{"Tempo de lectura":"2 minutos"},"schema":{"@context":"https:\/\/schema.org","@graph":[{"@type":"WebPage","@id":"https:\/\/expocoruna.com\/gl\/espacios\/hall\/","url":"https:\/\/expocoruna.com\/gl\/espacios\/hall\/","name":"Hall | EXPOCoru\u00f1a","isPartOf":{"@id":"https:\/\/expocoruna.com\/#website"},"datePublished":"2023-11-13T08:56:37+00:00","dateModified":"2024-06-04T07:30:30+00:00","description":"Un espazo que destaca pola s\u00faa accesibilidade e visibilidade.","breadcrumb":{"@id":"https:\/\/expocoruna.com\/gl\/espacios\/hall\/#breadcrumb"},"inLanguage":"gl-ES","potentialAction":[{"@type":"ReadAction","target":["https:\/\/expocoruna.com\/gl\/espacios\/hall\/"]}]},{"@type":"BreadcrumbList","@id":"https:\/\/expocoruna.com\/gl\/espacios\/hall\/#breadcrumb","itemListElement":[{"@type":"ListItem","position":1,"name":"Portada","item":"https:\/\/expocoruna.com\/gl\/"},{"@type":"ListItem","position":2,"name":"Unha idea Un espazo.","item":"https:\/\/expocoruna.com\/gl\/espacios\/"},{"@type":"ListItem","position":3,"name":"Hall"}]},{"@type":"WebSite","@id":"https:\/\/expocoruna.com\/#website","url":"https:\/\/expocoruna.com\/","name":"EXPOCoru\u00f1a","description":"Somos el escaparate de Galicia","publisher":{"@id":"https:\/\/expocoruna.com\/#organization"},"potentialAction":[{"@type":"SearchAction","target":{"@type":"EntryPoint","urlTemplate":"https:\/\/expocoruna.com\/?s={search_term_string}"},"query-input":{"@type":"PropertyValueSpecification","valueRequired":true,"valueName":"search_term_string"}}],"inLanguage":"gl-ES"},{"@type":"Organization","@id":"https:\/\/expocoruna.com\/#organization","name":"EXPOCoru\u00f1a","url":"https:\/\/expocoruna.com\/","logo":{"@type":"ImageObject","inLanguage":"gl-ES","@id":"https:\/\/expocoruna.com\/#\/schema\/logo\/image\/","url":"https:\/\/expocoruna.com\/wp-content\/uploads\/2023\/11\/logo-expocoruna-rojo.svg","contentUrl":"https:\/\/expocoruna.com\/wp-content\/uploads\/2023\/11\/logo-expocoruna-rojo.svg","width":577,"height":229,"caption":"EXPOCoru\u00f1a"},"image":{"@id":"https:\/\/expocoruna.com\/#\/schema\/logo\/image\/"}}]}},"_links":{"self":[{"href":"https:\/\/expocoruna.com\/gl\/wp-json\/wp\/v2\/pages\/1118","targetHints":{"allow":["GET"]}}],"collection":[{"href":"https:\/\/expocoruna.com\/gl\/wp-json\/wp\/v2\/pages"}],"about":[{"href":"https:\/\/expocoruna.com\/gl\/wp-json\/wp\/v2\/types\/page"}],"author":[{"embeddable":true,"href":"https:\/\/expocoruna.com\/gl\/wp-json\/wp\/v2\/users\/1"}],"replies":[{"embeddable":true,"href":"https:\/\/expocoruna.com\/gl\/wp-json\/wp\/v2\/comments?post=1118"}],"version-history":[{"count":4,"href":"https:\/\/expocoruna.com\/gl\/wp-json\/wp\/v2\/pages\/1118\/revisions"}],"predecessor-version":[{"id":1629,"href":"https:\/\/expocoruna.com\/gl\/wp-json\/wp\/v2\/pages\/1118\/revisions\/1629"}],"up":[{"embeddable":true,"href":"https:\/\/expocoruna.com\/gl\/wp-json\/wp\/v2\/pages\/1136"}],"wp:attachment":[{"href":"https:\/\/expocoruna.com\/gl\/wp-json\/wp\/v2\/media?parent=1118"}],"curies":[{"name":"wp","href":"https:\/\/api.w.org\/{rel}","templated":true}]}}