{"id":1129,"date":"2023-11-06T16:41:24","date_gmt":"2023-11-06T15:41:24","guid":{"rendered":"https:\/\/expocoruna.com\/donde-estamos\/"},"modified":"2023-11-24T15:11:37","modified_gmt":"2023-11-24T14:11:37","slug":"donde-estamos","status":"publish","type":"page","link":"https:\/\/expocoruna.com\/en\/donde-estamos\/","title":{"rendered":"One step away from everything."},"content":{"rendered":"<p>[et_pb_section fb_built=&#8221;1&#8243; admin_label=&#8221;CABECERA SIMPLE &#8211; T\u00cdTULO GRANDE&#8221; _builder_version=&#8221;4.23&#8243; _module_preset=&#8221;default&#8221; custom_margin=&#8221;8rem||8rem||true|false&#8221; custom_margin_tablet=&#8221;4rem||4rem||true|false&#8221; custom_margin_phone=&#8221;4rem||4rem||true|false&#8221; custom_margin_last_edited=&#8221;on|tablet&#8221; custom_padding=&#8221;0px||0px||false|false&#8221; global_module=&#8221;192&#8243; saved_tabs=&#8221;all&#8221; global_colors_info=&#8221;{}&#8221;][et_pb_row _builder_version=&#8221;4.23&#8243; _module_preset=&#8221;default&#8221; custom_margin=&#8221;0px||0px||false|false&#8221; custom_padding=&#8221;0px||0px||false|false&#8221; global_colors_info=&#8221;{}&#8221;][et_pb_column type=&#8221;4_4&#8243; _builder_version=&#8221;4.23&#8243; _module_preset=&#8221;default&#8221; global_colors_info=&#8221;{}&#8221;][et_pb_post_title meta=&#8221;off&#8221; featured_image=&#8221;off&#8221; _builder_version=&#8221;4.23&#8243; _module_preset=&#8221;default&#8221; title_text_color=&#8221;#FF0000&#8243; text_orientation=&#8221;center&#8221; custom_margin=&#8221;0px||0px||false|false&#8221; custom_padding=&#8221;0px||0px||false|false&#8221; global_colors_info=&#8221;{}&#8221;][\/et_pb_post_title][\/et_pb_column][\/et_pb_row][\/et_pb_section][et_pb_section fb_built=&#8221;1&#8243; admin_label=&#8221;mapa&#8221; _builder_version=&#8221;4.23&#8243; _module_preset=&#8221;default&#8221; custom_margin=&#8221;0px||8rem||false|false&#8221; custom_padding=&#8221;0px||0px||false|false&#8221; global_colors_info=&#8221;{}&#8221;][et_pb_row _builder_version=&#8221;4.23&#8243; _module_preset=&#8221;default&#8221; custom_margin=&#8221;0px||0px||false|false&#8221; custom_padding=&#8221;0px||0px||false|false&#8221; global_colors_info=&#8221;{}&#8221;][et_pb_column type=&#8221;4_4&#8243; _builder_version=&#8221;4.23&#8243; _module_preset=&#8221;default&#8221; global_colors_info=&#8221;{}&#8221;][et_pb_code _builder_version=&#8221;4.23&#8243; _module_preset=&#8221;default&#8221; global_colors_info=&#8221;{}&#8221;]<iframe src=\"https:\/\/www.google.com\/maps\/embed?pb=!1m14!1m8!1m3!1d11607.015925874624!2d-8.4101242!3d43.3403369!3m2!1i1024!2i768!4f13.1!3m3!1m2!1s0xd2e7cba5bb3107b%3A0x93831a251a29aaeb!2sEXPOCoru%C3%B1a!5e0!3m2!1ses!2ses!4v1699524082515!5m2!1ses!2ses\" width=\"100%\" height=\"500\" style=\"border:0;\" allowfullscreen=\"\" loading=\"lazy\" referrerpolicy=\"no-referrer-when-downgrade\"><\/iframe>[\/et_pb_code][\/et_pb_column][\/et_pb_row][\/et_pb_section][et_pb_section fb_built=&#8221;1&#8243; admin_label=&#8221;info&#8221; _builder_version=&#8221;4.23&#8243; _module_preset=&#8221;default&#8221; custom_margin=&#8221;0px||8rem||false|false&#8221; custom_padding=&#8221;0px||0px||false|false&#8221; global_colors_info=&#8221;{}&#8221;][et_pb_row column_structure=&#8221;3_5,2_5&#8243; use_custom_gutter=&#8221;on&#8221; gutter_width=&#8221;2&#8243; _builder_version=&#8221;4.23&#8243; _module_preset=&#8221;default&#8221; custom_margin=&#8221;0px||0px||false|false&#8221; custom_padding=&#8221;0px||0px||false|false&#8221; global_colors_info=&#8221;{}&#8221;][et_pb_column type=&#8221;3_5&#8243; _builder_version=&#8221;4.23&#8243; _module_preset=&#8221;default&#8221; global_colors_info=&#8221;{}&#8221;][et_pb_text _builder_version=&#8221;4.23&#8243; _module_preset=&#8221;default&#8221; max_width=&#8221;790px&#8221; max_width_tablet=&#8221;100%&#8221; max_width_phone=&#8221;100%&#8221; max_width_last_edited=&#8221;on|tablet&#8221; custom_margin=&#8221;0px||0px||false|false&#8221; custom_padding=&#8221;0px||0px||false|false&#8221; global_colors_info=&#8221;{}&#8221;]<\/p>\n<p>We are in a privileged hub, in the heart of a business area in continuous movement and surrounded by shopping centers, hotels, cinemas, restaurants, etc.<\/p>\n<p>In addition, EXPOCoru\u00f1a is only 5 minutes from the city centre, perfectly connected to all of the city by several urban bus lines.<\/p>\n<p>[\/et_pb_text][\/et_pb_column][et_pb_column type=&#8221;2_5&#8243; _builder_version=&#8221;4.23&#8243; _module_preset=&#8221;default&#8221; global_colors_info=&#8221;{}&#8221;][et_pb_text _builder_version=&#8221;4.23&#8243; _module_preset=&#8221;default&#8221; custom_margin=&#8221;0px||2rem||false|false&#8221; custom_margin_tablet=&#8221;0px||2rem||false|false&#8221; custom_margin_phone=&#8221;0px||1rem||false|false&#8221; custom_margin_last_edited=&#8221;on|tablet&#8221; custom_padding=&#8221;0px||0px||false|false&#8221; global_colors_info=&#8221;{}&#8221;]<\/p>\n<h2 class=\"subtitle-h4 tx-rojo\">Juana Capdevielle, 2<br \/>\n15008 A Coru\u00f1a<\/h2>\n<p>[\/et_pb_text][et_pb_text _builder_version=&#8221;4.23&#8243; _module_preset=&#8221;default&#8221; custom_margin=&#8221;0px||0px||false|false&#8221; custom_margin_tablet=&#8221;0px||2rem||false|false&#8221; custom_margin_phone=&#8221;0px||1rem||false|false&#8221; custom_margin_last_edited=&#8221;off|desktop&#8221; custom_padding=&#8221;0px||0px||false|false&#8221; global_colors_info=&#8221;{}&#8221;]<\/p>\n<h2 class=\"subtitle-h4 tx-rojo\">Coordenadas GPS:<br \/>N 43.340364<br \/>W 8.410780<\/h2>\n<p>[\/et_pb_text][\/et_pb_column][\/et_pb_row][\/et_pb_section][et_pb_section fb_built=&#8221;1&#8243; admin_label=&#8221;como llegar&#8221; _builder_version=&#8221;4.23&#8243; _module_preset=&#8221;default&#8221; custom_margin=&#8221;0px||8rem||false|false&#8221; custom_padding=&#8221;0px||0px||false|false&#8221; global_colors_info=&#8221;{}&#8221;][et_pb_row use_custom_gutter=&#8221;on&#8221; gutter_width=&#8221;2&#8243; _builder_version=&#8221;4.23&#8243; _module_preset=&#8221;default&#8221; custom_margin=&#8221;0px||7rem||false|false&#8221; custom_margin_tablet=&#8221;||4rem||false|false&#8221; custom_margin_phone=&#8221;||4rem||false|false&#8221; custom_margin_last_edited=&#8221;on|tablet&#8221; custom_padding=&#8221;0px||0px||false|false&#8221; global_colors_info=&#8221;{}&#8221;][et_pb_column type=&#8221;4_4&#8243; _builder_version=&#8221;4.23&#8243; _module_preset=&#8221;default&#8221; global_colors_info=&#8221;{}&#8221;][et_pb_text _builder_version=&#8221;4.23&#8243; _module_preset=&#8221;default&#8221; custom_margin=&#8221;0px||0px||false|false&#8221; custom_margin_tablet=&#8221;0px||2rem||false|false&#8221; custom_margin_phone=&#8221;0px||1rem||false|false&#8221; custom_margin_last_edited=&#8221;off|desktop&#8221; custom_padding=&#8221;0px||0px||false|false&#8221; global_colors_info=&#8221;{}&#8221;]<\/p>\n<h2 class=\"tx-rojo\">How to get here.<\/h2>\n<p>[\/et_pb_text][\/et_pb_column][\/et_pb_row][et_pb_row column_structure=&#8221;1_4,1_4,1_4,1_4&#8243; _builder_version=&#8221;4.23&#8243; _module_preset=&#8221;default&#8221; custom_margin=&#8221;0px||0px||false|false&#8221; custom_padding=&#8221;0px||0px||false|false&#8221; global_colors_info=&#8221;{}&#8221;][et_pb_column type=&#8221;1_4&#8243; _builder_version=&#8221;4.23&#8243; _module_preset=&#8221;default&#8221; global_colors_info=&#8221;{}&#8221;][et_pb_text _builder_version=&#8221;4.23&#8243; _module_preset=&#8221;default&#8221; custom_margin=&#8221;0px||2rem||false|false&#8221; custom_margin_tablet=&#8221;0px||2rem||false|false&#8221; custom_margin_phone=&#8221;0px||1rem||false|false&#8221; custom_margin_last_edited=&#8221;on|tablet&#8221; custom_padding=&#8221;0px||0px||false|false&#8221; global_colors_info=&#8221;{}&#8221;]<\/p>\n<h3 class=\"subtitle-h4 tx-rojo\">By plane.<\/h3>\n<p>[\/et_pb_text][et_pb_text _builder_version=&#8221;4.23&#8243; _module_preset=&#8221;default&#8221; custom_margin=&#8221;0px||4rem||false|false&#8221; custom_margin_tablet=&#8221;0px||2rem||false|false&#8221; custom_margin_phone=&#8221;0px||1rem||false|false&#8221; custom_margin_last_edited=&#8221;on|tablet&#8221; custom_padding=&#8221;0px||0px||false|false&#8221; global_colors_info=&#8221;{}&#8221;]<\/p>\n<h3 class=\"subtitle-h4\">Alvedro Airport<br \/>A Coru\u00f1a<\/h3>\n<p>Distance to the city center: 8 km (10-15 minutes).<\/p>\n<p>[\/et_pb_text][et_pb_text _builder_version=&#8221;4.23&#8243; _module_preset=&#8221;default&#8221; custom_margin=&#8221;0px||2rem||false|false&#8221; custom_margin_tablet=&#8221;0px||2rem||false|false&#8221; custom_margin_phone=&#8221;0px||1rem||false|false&#8221; custom_margin_last_edited=&#8221;on|tablet&#8221; custom_padding=&#8221;0px||0px||false|false&#8221; global_colors_info=&#8221;{}&#8221;]<\/p>\n<h3 class=\"subtitle-h4\">Lavacolla Airport<br \/>\nSantiago de Compostela<\/h3>\n<p>Distancia a A Coru\u00f1a ciudad: 65 km (50 minutos).[\/et_pb_text][\/et_pb_column][et_pb_column type=&#8221;1_4&#8243; _builder_version=&#8221;4.23&#8243; _module_preset=&#8221;default&#8221; global_colors_info=&#8221;{}&#8221;][et_pb_text _builder_version=&#8221;4.23&#8243; _module_preset=&#8221;default&#8221; custom_margin=&#8221;0px||2rem||false|false&#8221; custom_margin_tablet=&#8221;0px||2rem||false|false&#8221; custom_margin_phone=&#8221;0px||1rem||false|false&#8221; custom_margin_last_edited=&#8221;on|tablet&#8221; custom_padding=&#8221;0px||0px||false|false&#8221; global_colors_info=&#8221;{}&#8221;]<\/p>\n<h3 class=\"subtitle-h4 tx-rojo\">By car.<\/h3>\n<p>[\/et_pb_text][et_pb_text _builder_version=&#8221;4.23&#8243; _module_preset=&#8221;default&#8221; custom_margin=&#8221;0px||4rem||false|false&#8221; custom_margin_tablet=&#8221;0px||2rem||false|false&#8221; custom_margin_phone=&#8221;0px||1rem||false|false&#8221; custom_margin_last_edited=&#8221;on|tablet&#8221; custom_padding=&#8221;0px||0px||false|false&#8221; global_colors_info=&#8221;{}&#8221;]<\/p>\n<h3 class=\"subtitle-h4\">A-9 Motorway<\/h3>\n<p>It connects A Coru\u00f1a with the cities of Ferrol, Santiago de Compostela, Pontevedra, Vigo and the Portuguese border.<\/p>\n<p>[\/et_pb_text][et_pb_text _builder_version=&#8221;4.23&#8243; _module_preset=&#8221;default&#8221; custom_margin=&#8221;0px||2rem||false|false&#8221; custom_margin_tablet=&#8221;0px||2rem||false|false&#8221; custom_margin_phone=&#8221;0px||1rem||false|false&#8221; custom_margin_last_edited=&#8221;on|tablet&#8221; custom_padding=&#8221;0px||0px||false|false&#8221; global_colors_info=&#8221;{}&#8221;]<\/p>\n<h3 class=\"subtitle-h4\">Carballo Motorway<\/h3>\n<p>Connects A Coru\u00f1a with Finisterre.<\/p>\n<p>[\/et_pb_text][et_pb_text _builder_version=&#8221;4.23&#8243; _module_preset=&#8221;default&#8221; custom_margin=&#8221;0px||2rem||false|false&#8221; custom_margin_tablet=&#8221;0px||2rem||false|false&#8221; custom_margin_phone=&#8221;0px||1rem||false|false&#8221; custom_margin_last_edited=&#8221;on|tablet&#8221; custom_padding=&#8221;0px||0px||false|false&#8221; global_colors_info=&#8221;{}&#8221;]<\/p>\n<h3 class=\"subtitle-h4\">A-6 Motorway<\/h3>\n<p>Connect A Coru\u00f1a with Madrid.<\/p>\n<p>[\/et_pb_text][\/et_pb_column][et_pb_column type=&#8221;1_4&#8243; _builder_version=&#8221;4.23&#8243; _module_preset=&#8221;default&#8221; global_colors_info=&#8221;{}&#8221;][et_pb_text _builder_version=&#8221;4.23&#8243; _module_preset=&#8221;default&#8221; custom_margin=&#8221;0px||2rem||false|false&#8221; custom_margin_tablet=&#8221;0px||2rem||false|false&#8221; custom_margin_phone=&#8221;0px||1rem||false|false&#8221; custom_margin_last_edited=&#8221;on|tablet&#8221; custom_padding=&#8221;0px||0px||false|false&#8221; global_colors_info=&#8221;{}&#8221;]<\/p>\n<h3 class=\"subtitle-h4 tx-rojo\">En tren.<\/h3>\n<p>[\/et_pb_text][et_pb_text _builder_version=&#8221;4.23&#8243; _module_preset=&#8221;default&#8221; custom_margin=&#8221;0px||4rem||false|false&#8221; custom_margin_tablet=&#8221;0px||2rem||false|false&#8221; custom_margin_phone=&#8221;0px||1rem||false|false&#8221; custom_margin_last_edited=&#8221;on|tablet&#8221; custom_padding=&#8221;0px||0px||false|false&#8221; global_colors_info=&#8221;{}&#8221;]<\/p>\n<h3 class=\"subtitle-h4\">By train.<br \/>A Coru\u00f1a<\/h3>\n<p>EXPOCoru\u00f1a: 2 km to EXPOCoru\u00f1a (5 minuts).<br \/>Services: vehicle rental, shopping area, national police, left luggage, post office, ATMs.<\/p>\n<p>[\/et_pb_text][\/et_pb_column][et_pb_column type=&#8221;1_4&#8243; disabled_on=&#8221;on|off|off&#8221; _builder_version=&#8221;4.23&#8243; _module_preset=&#8221;default&#8221; global_colors_info=&#8221;{}&#8221;][\/et_pb_column][\/et_pb_row][\/et_pb_section][et_pb_section fb_built=&#8221;1&#8243; admin_label=&#8221;parking&#8221; _builder_version=&#8221;4.23&#8243; _module_preset=&#8221;default&#8221; custom_margin=&#8221;0px||8rem||false|false&#8221; custom_margin_tablet=&#8221;||4rem||false|false&#8221; custom_margin_phone=&#8221;||4rem||false|false&#8221; custom_margin_last_edited=&#8221;on|tablet&#8221; custom_padding=&#8221;0px||0px||false|false&#8221; global_colors_info=&#8221;{}&#8221;][et_pb_row column_structure=&#8221;1_2,1_2&#8243; make_equal=&#8221;on&#8221; _builder_version=&#8221;4.23&#8243; _module_preset=&#8221;default&#8221; custom_margin=&#8221;0px||0px||false|false&#8221; custom_margin_tablet=&#8221;||4rem||false|false&#8221; custom_margin_phone=&#8221;||4rem||false|false&#8221; custom_margin_last_edited=&#8221;off|desktop&#8221; custom_padding=&#8221;0px||0px||false|false&#8221; custom_css_main_element=&#8221;    -webkit-box-align: center;||    -ms-flex-align: center;||    align-items: center;&#8221; global_colors_info=&#8221;{}&#8221;][et_pb_column type=&#8221;1_2&#8243; _builder_version=&#8221;4.23&#8243; _module_preset=&#8221;default&#8221; global_colors_info=&#8221;{}&#8221;][et_pb_text _builder_version=&#8221;4.23&#8243; _module_preset=&#8221;default&#8221; custom_margin=&#8221;0px||0px||false|false&#8221; custom_margin_tablet=&#8221;0px||4rem||false|false&#8221; custom_margin_phone=&#8221;0px||1rem||false|false&#8221; custom_margin_last_edited=&#8221;off|desktop&#8221; custom_padding=&#8221;0px||0px||false|false&#8221; global_colors_info=&#8221;{}&#8221;]<\/p>\n<h2 class=\"tx-rojo\">We own parking up to 550 spaces.<\/h2>\n<p>[\/et_pb_text][\/et_pb_column][et_pb_column type=&#8221;1_2&#8243; _builder_version=&#8221;4.23&#8243; _module_preset=&#8221;default&#8221; global_colors_info=&#8221;{}&#8221;][et_pb_image src=&#8221;https:\/\/expocoruna.com\/wp-content\/uploads\/2023\/11\/espacios-04.png&#8221; alt=&#8221;ExpoCoru\u00f1a Parking&#8221; title_text=&#8221;ExpoCoru\u00f1a Parking&#8221; align=&#8221;center&#8221; _builder_version=&#8221;4.23&#8243; _module_preset=&#8221;default&#8221; global_colors_info=&#8221;{}&#8221;][\/et_pb_image][\/et_pb_column][\/et_pb_row][\/et_pb_section]<\/p>\n","protected":false},"excerpt":{"rendered":"<p>We are in a privileged hub, in the heart of a business area in continuous movement and surrounded by shopping centers, hotels, cinemas, restaurants, etc. In addition, EXPOCoru\u00f1a is only 5 minutes from the city centre, perfectly connected to all of the city by several urban bus lines.Juana Capdevielle, 2 15008 A Coru\u00f1aCoordenadas GPS:N 43.340364W [&hellip;]<\/p>\n","protected":false},"author":1,"featured_media":0,"parent":0,"menu_order":0,"comment_status":"closed","ping_status":"closed","template":"","meta":{"_et_pb_use_builder":"on","_et_pb_old_content":"","_et_gb_content_width":"","footnotes":""},"class_list":["post-1129","page","type-page","status-publish","hentry"],"acf":[],"yoast_head":"<!-- This site is optimized with the Yoast SEO plugin v26.6 - https:\/\/yoast.com\/wordpress\/plugins\/seo\/ -->\n<title>Where we are | EXPOCoru\u00f1a<\/title>\n<meta name=\"description\" content=\"EXPOCoru\u00f1a: 2 km to EXPOCoru\u00f1a (5 minuts). Services: vehicle rental, shopping area, national police, left luggage, post office, ATMs.\" \/>\n<meta name=\"robots\" content=\"index, follow, max-snippet:-1, max-image-preview:large, max-video-preview:-1\" \/>\n<link rel=\"canonical\" href=\"https:\/\/expocoruna.com\/en\/donde-estamos\/\" \/>\n<meta property=\"og:locale\" content=\"en_US\" \/>\n<meta property=\"og:type\" content=\"article\" \/>\n<meta property=\"og:title\" content=\"Where we are | EXPOCoru\u00f1a\" \/>\n<meta property=\"og:description\" content=\"EXPOCoru\u00f1a: 2 km to EXPOCoru\u00f1a (5 minuts). Services: vehicle rental, shopping area, national police, left luggage, post office, ATMs.\" \/>\n<meta property=\"og:url\" content=\"https:\/\/expocoruna.com\/en\/donde-estamos\/\" \/>\n<meta property=\"og:site_name\" content=\"EXPOCoru\u00f1a\" \/>\n<meta property=\"article:modified_time\" content=\"2023-11-24T14:11:37+00:00\" \/>\n<meta name=\"twitter:card\" content=\"summary_large_image\" \/>\n<meta name=\"twitter:label1\" content=\"Est. reading time\" \/>\n\t<meta name=\"twitter:data1\" content=\"3 minutes\" \/>\n<script type=\"application\/ld+json\" class=\"yoast-schema-graph\">{\"@context\":\"https:\/\/schema.org\",\"@graph\":[{\"@type\":\"WebPage\",\"@id\":\"https:\/\/expocoruna.com\/en\/donde-estamos\/\",\"url\":\"https:\/\/expocoruna.com\/en\/donde-estamos\/\",\"name\":\"Where we are | EXPOCoru\u00f1a\",\"isPartOf\":{\"@id\":\"https:\/\/expocoruna.com\/#website\"},\"datePublished\":\"2023-11-06T15:41:24+00:00\",\"dateModified\":\"2023-11-24T14:11:37+00:00\",\"description\":\"EXPOCoru\u00f1a: 2 km to EXPOCoru\u00f1a (5 minuts). Services: vehicle rental, shopping area, national police, left luggage, post office, ATMs.\",\"breadcrumb\":{\"@id\":\"https:\/\/expocoruna.com\/en\/donde-estamos\/#breadcrumb\"},\"inLanguage\":\"en-US\",\"potentialAction\":[{\"@type\":\"ReadAction\",\"target\":[\"https:\/\/expocoruna.com\/en\/donde-estamos\/\"]}]},{\"@type\":\"BreadcrumbList\",\"@id\":\"https:\/\/expocoruna.com\/en\/donde-estamos\/#breadcrumb\",\"itemListElement\":[{\"@type\":\"ListItem\",\"position\":1,\"name\":\"Portada\",\"item\":\"https:\/\/expocoruna.com\/en\/\"},{\"@type\":\"ListItem\",\"position\":2,\"name\":\"One step away from everything.\"}]},{\"@type\":\"WebSite\",\"@id\":\"https:\/\/expocoruna.com\/#website\",\"url\":\"https:\/\/expocoruna.com\/\",\"name\":\"EXPOCoru\u00f1a\",\"description\":\"Somos el escaparate de Galicia\",\"publisher\":{\"@id\":\"https:\/\/expocoruna.com\/#organization\"},\"potentialAction\":[{\"@type\":\"SearchAction\",\"target\":{\"@type\":\"EntryPoint\",\"urlTemplate\":\"https:\/\/expocoruna.com\/?s={search_term_string}\"},\"query-input\":{\"@type\":\"PropertyValueSpecification\",\"valueRequired\":true,\"valueName\":\"search_term_string\"}}],\"inLanguage\":\"en-US\"},{\"@type\":\"Organization\",\"@id\":\"https:\/\/expocoruna.com\/#organization\",\"name\":\"EXPOCoru\u00f1a\",\"url\":\"https:\/\/expocoruna.com\/\",\"logo\":{\"@type\":\"ImageObject\",\"inLanguage\":\"en-US\",\"@id\":\"https:\/\/expocoruna.com\/#\/schema\/logo\/image\/\",\"url\":\"https:\/\/expocoruna.com\/wp-content\/uploads\/2023\/11\/logo-expocoruna-rojo.svg\",\"contentUrl\":\"https:\/\/expocoruna.com\/wp-content\/uploads\/2023\/11\/logo-expocoruna-rojo.svg\",\"width\":577,\"height\":229,\"caption\":\"EXPOCoru\u00f1a\"},\"image\":{\"@id\":\"https:\/\/expocoruna.com\/#\/schema\/logo\/image\/\"}}]}<\/script>\n<!-- \/ Yoast SEO plugin. -->","yoast_head_json":{"title":"Where we are | EXPOCoru\u00f1a","description":"EXPOCoru\u00f1a: 2 km to EXPOCoru\u00f1a (5 minuts). Services: vehicle rental, shopping area, national police, left luggage, post office, ATMs.","robots":{"index":"index","follow":"follow","max-snippet":"max-snippet:-1","max-image-preview":"max-image-preview:large","max-video-preview":"max-video-preview:-1"},"canonical":"https:\/\/expocoruna.com\/en\/donde-estamos\/","og_locale":"en_US","og_type":"article","og_title":"Where we are | EXPOCoru\u00f1a","og_description":"EXPOCoru\u00f1a: 2 km to EXPOCoru\u00f1a (5 minuts). Services: vehicle rental, shopping area, national police, left luggage, post office, ATMs.","og_url":"https:\/\/expocoruna.com\/en\/donde-estamos\/","og_site_name":"EXPOCoru\u00f1a","article_modified_time":"2023-11-24T14:11:37+00:00","twitter_card":"summary_large_image","twitter_misc":{"Est. reading time":"3 minutes"},"schema":{"@context":"https:\/\/schema.org","@graph":[{"@type":"WebPage","@id":"https:\/\/expocoruna.com\/en\/donde-estamos\/","url":"https:\/\/expocoruna.com\/en\/donde-estamos\/","name":"Where we are | EXPOCoru\u00f1a","isPartOf":{"@id":"https:\/\/expocoruna.com\/#website"},"datePublished":"2023-11-06T15:41:24+00:00","dateModified":"2023-11-24T14:11:37+00:00","description":"EXPOCoru\u00f1a: 2 km to EXPOCoru\u00f1a (5 minuts). Services: vehicle rental, shopping area, national police, left luggage, post office, ATMs.","breadcrumb":{"@id":"https:\/\/expocoruna.com\/en\/donde-estamos\/#breadcrumb"},"inLanguage":"en-US","potentialAction":[{"@type":"ReadAction","target":["https:\/\/expocoruna.com\/en\/donde-estamos\/"]}]},{"@type":"BreadcrumbList","@id":"https:\/\/expocoruna.com\/en\/donde-estamos\/#breadcrumb","itemListElement":[{"@type":"ListItem","position":1,"name":"Portada","item":"https:\/\/expocoruna.com\/en\/"},{"@type":"ListItem","position":2,"name":"One step away from everything."}]},{"@type":"WebSite","@id":"https:\/\/expocoruna.com\/#website","url":"https:\/\/expocoruna.com\/","name":"EXPOCoru\u00f1a","description":"Somos el escaparate de Galicia","publisher":{"@id":"https:\/\/expocoruna.com\/#organization"},"potentialAction":[{"@type":"SearchAction","target":{"@type":"EntryPoint","urlTemplate":"https:\/\/expocoruna.com\/?s={search_term_string}"},"query-input":{"@type":"PropertyValueSpecification","valueRequired":true,"valueName":"search_term_string"}}],"inLanguage":"en-US"},{"@type":"Organization","@id":"https:\/\/expocoruna.com\/#organization","name":"EXPOCoru\u00f1a","url":"https:\/\/expocoruna.com\/","logo":{"@type":"ImageObject","inLanguage":"en-US","@id":"https:\/\/expocoruna.com\/#\/schema\/logo\/image\/","url":"https:\/\/expocoruna.com\/wp-content\/uploads\/2023\/11\/logo-expocoruna-rojo.svg","contentUrl":"https:\/\/expocoruna.com\/wp-content\/uploads\/2023\/11\/logo-expocoruna-rojo.svg","width":577,"height":229,"caption":"EXPOCoru\u00f1a"},"image":{"@id":"https:\/\/expocoruna.com\/#\/schema\/logo\/image\/"}}]}},"_links":{"self":[{"href":"https:\/\/expocoruna.com\/en\/wp-json\/wp\/v2\/pages\/1129","targetHints":{"allow":["GET"]}}],"collection":[{"href":"https:\/\/expocoruna.com\/en\/wp-json\/wp\/v2\/pages"}],"about":[{"href":"https:\/\/expocoruna.com\/en\/wp-json\/wp\/v2\/types\/page"}],"author":[{"embeddable":true,"href":"https:\/\/expocoruna.com\/en\/wp-json\/wp\/v2\/users\/1"}],"replies":[{"embeddable":true,"href":"https:\/\/expocoruna.com\/en\/wp-json\/wp\/v2\/comments?post=1129"}],"version-history":[{"count":3,"href":"https:\/\/expocoruna.com\/en\/wp-json\/wp\/v2\/pages\/1129\/revisions"}],"predecessor-version":[{"id":1186,"href":"https:\/\/expocoruna.com\/en\/wp-json\/wp\/v2\/pages\/1129\/revisions\/1186"}],"wp:attachment":[{"href":"https:\/\/expocoruna.com\/en\/wp-json\/wp\/v2\/media?parent=1129"}],"curies":[{"name":"wp","href":"https:\/\/api.w.org\/{rel}","templated":true}]}}