{"id":1127,"date":"2023-11-06T16:42:09","date_gmt":"2023-11-06T15:42:09","guid":{"rendered":"https:\/\/expocoruna.com\/aviso-legal\/"},"modified":"2023-11-29T12:07:27","modified_gmt":"2023-11-29T11:07:27","slug":"aviso-legal","status":"publish","type":"page","link":"https:\/\/expocoruna.com\/en\/aviso-legal\/","title":{"rendered":"Disclaimer"},"content":{"rendered":"<p>[et_pb_section fb_built=&#8221;1&#8243; admin_label=&#8221;secci\u00f3n&#8221; _builder_version=&#8221;4.23&#8243; custom_margin=&#8221;8rem||8rem||true|false&#8221; custom_padding=&#8221;0px||0px||false|false&#8221; hover_enabled=&#8221;0&#8243; locked=&#8221;off&#8221; global_colors_info=&#8221;{}&#8221; theme_builder_area=&#8221;post_content&#8221; sticky_enabled=&#8221;0&#8243; custom_margin_last_edited=&#8221;on|phone&#8221; custom_margin_tablet=&#8221;5rem||5rem||true|false&#8221; custom_margin_phone=&#8221;4rem||4rem||true|false&#8221;][et_pb_row _builder_version=&#8221;4.23&#8243; _module_preset=&#8221;default&#8221; custom_margin=&#8221;0px||0px||false|false&#8221; custom_padding=&#8221;0px||0px||false|false&#8221; hover_enabled=&#8221;0&#8243; global_colors_info=&#8221;{}&#8221; theme_builder_area=&#8221;post_content&#8221; sticky_enabled=&#8221;0&#8243;][et_pb_column type=&#8221;4_4&#8243; _builder_version=&#8221;4.23&#8243; _module_preset=&#8221;default&#8221; global_colors_info=&#8221;{}&#8221; theme_builder_area=&#8221;post_content&#8221;][et_pb_text _builder_version=&#8221;4.23&#8243; _module_preset=&#8221;default&#8221; theme_builder_area=&#8221;post_content&#8221; text_font=&#8221;||||||||&#8221; hover_enabled=&#8221;0&#8243; sticky_enabled=&#8221;0&#8243; custom_margin=&#8221;0px||24px||false|false&#8221; custom_padding=&#8221;0px||0px||false|false&#8221;]<\/p>\n<h1 class=\"subtitle-h2\">Disclaimer<\/h1>\n<p>[\/et_pb_text][et_pb_text _builder_version=&#8221;4.23&#8243; _module_preset=&#8221;default&#8221; theme_builder_area=&#8221;post_content&#8221; text_font=&#8221;||on||||||&#8221; hover_enabled=&#8221;0&#8243; sticky_enabled=&#8221;0&#8243;]This is the EXPOCoru\u00f1a web site. EXPOCoru\u00f1a is managed by the Fundaci\u00f3n Instituto Ferial de A Coru\u00f1a (IFECO). Apart from managing EXPOCoru\u00f1a, its mission is to promote and encourage economic activity by regularly holding trade fairs, events and exhibitions, especially in the field of technological innovation, but also other cultural and technical events, domestic and international, regional, provincial and local, general and specific.[\/et_pb_text][et_pb_text _builder_version=&#8221;4.23&#8243; _module_preset=&#8221;default&#8221; theme_builder_area=&#8221;post_content&#8221; text_font=&#8221;||||||||&#8221; hover_enabled=&#8221;0&#8243; sticky_enabled=&#8221;0&#8243; text_text_color=&#8221;#0A0A0A&#8221;]<\/p>\n<div class=\"text wrap\">\n<p>This is the EXPOCoru\u00f1a web site. EXPOCoru\u00f1a is managed by the Fundaci\u00f3n Instituto Ferial de A Coru\u00f1a (IFECO). Apart from managing EXPOCoru\u00f1a, its mission is to promote and encourage economic activity by regularly holding trade fairs, events and exhibitions, especially in the field of technological innovation, but also other cultural and technical events, domestic and international, regional, provincial and local, general and specific.<\/p>\n<p>The purpose of this web site is to provide the public in general with information concerning products and services, job offers and public tenders. The purpose of this web site is to provide the public in general with information concerning products and services, job offers and public tenders. We would ask you to read the following information carefully before making use of this web site. The use of this digital publication and its content is subject to certain conditions. If you do not accept the following terms and conditions, please do not use the web site.<\/p>\n<p>These general conditions are governed by the current law in Spain and the European Union.<\/p>\n<p>In case of dispute arising from the application and interpretation of said terms and conditions, EXPOCoru\u00f1a and the User hereby expressly renounce any other jurisdiction that they may be entitled to and declare that they are subject to the Courts of the city of A Coru\u00f1a (Spain).<\/p>\n<p><strong>LEGAL DISCLAIMER<\/strong><\/p>\n<p>Information is provided on this web site with no guarantee of any kind, either explicit or implicit, and can be modified or updated with no need for advance warning.<\/p>\n<p>No information that EXPOCoru\u00f1a receives via this web site shall be considered as confidential unless it is included in the confidential data section. Any other information sent to EXPOCoru\u00f1a via this web site may be used, reproduced, transformed, transmitted or published by EXPOCoru\u00f1a at its own choice.<\/p>\n<p>EXPOCoru\u00f1a shall not be held responsible for any content that third parties may have included in the links referred to on this site. The presence of a link shall not under any circumstances imply the existence of relations between EXPOCoru\u00f1a and the owner of the web site the link is on; neither shall this imply the acceptance or approval by EXPOCoru\u00f1a of the content or services provided to the public thereon.<\/p>\n<p>It is expressly forbidden to alter, change, modify or adapt this web site or any information it may contain.<\/p>\n<p>EXPOCoru\u00f1a shall not be held responsible for any damages to users\u2019 software or hardware derived from their use of the web site or the information and applications contained thereon. Likewise, EXPOCoru\u00f1a shall not be held responsible for and does not guarantee the availability and continuity of access to this web site or that it is free from errors.<\/p>\n<p>Users shall respond for any damage of any kind that EXPOCoru\u00f1a may undergo as a consequence of the non-fulfilment of any of the obligations users are subject to under these conditions. Users are aware of and voluntarily accept that the use of any content from this web site shall be in any case under their own exclusive responsibility.<\/p>\n<p><strong>CONFIDENTIALITY<\/strong><\/p>\n<p>In compliance with what is set out in Organic Law 15\/1999 of 13th December on Personal Data Protection, we hereby notify you that your data will be included in a file owned by FUNDACI\u00d3N DEL INSTITUTO FERIAL DE A CORU\u00d1A and may be used for the following purposes in each specific instance:<\/p>\n<ul>\n<li>&#8211; Sending your personal data over the website to make an information\/budget request means you consent to your data being included and processed in a file registered by this company at the Spanish Data Protection Agency (AGPD). The information obtained will be used to deal with the request you make.<\/li>\n<li>The data provided may also be used to send you information about our products and services. If you do not wish to receive this kind of information from our company, you need only notify us at FUNDACI\u00d3N DEL INSTITUTO FERIAL DE A CORU\u00d1A at JUANA CAPDE VIELLE 2, 15008 &#8211; A CORU\u00d1A (A CORU\u00d1A).<\/li>\n<li>&#8211; Provide access to content offered over the website.<\/li>\n<li>The information provided may also be used to send information to you about our products and services.<\/li>\n<li>&#8211; FUNDACI\u00d3N DEL INSTITUTO FERIAL DE A CORU\u00d1A will not pass on information to third parties without prior user consent, except in the instances set out articles 11 and 12 of the LOPD (Data Protection Act): When the transfer is authorised in law; When it is information collected from sources accessible by the public; When the transfer recipient is the Ombudsman, the Tax Ministry, Courts or Tribunals or the Court of Audit, in the performance of the duties assigned thereto; When the transfer is addressed to regional institutions with similar duties to the Ombudsman or Court of Audit; If the communication is carried out subject to being made anonymous.<\/li>\n<\/ul>\n<p>In the event that users are requested to provide personal data by different methods to those set out above, FUNDACI\u00d3N DEL INSTITUTO FERIAL DE A CORU\u00d1A will explicitly and clearly notify the user about the terms and conditions whereby the personal data are collected and the purposes for which the information will be used, the mandatory nature of providing the information or not, the user&#8217;s rights, the conditions in which they may be exercised, the recipients of the information, who is responsible for the file and about any other additional information that may be required.<\/p>\n<p>You may exercise your rights to access, rectify, cancel and oppose the storage of your personal data as per the terms and conditions set out in the LOPD, by writing to FUNDACI\u00d3N DEL INSTITUTO FERIAL DE A CORU\u00d1A at JUANA CAPDEVIELLE 2, 15008 &#8211; A CORU\u00d1A (A CORU\u00d1A).<\/p>\n<p>By not entering the personal information requested as mandatory on the contact form, FUNDACI\u00d3N DEL INSTITUTO FERIAL DE A CORU\u00d1A may as a result not process your request.<\/p>\n<p>In turn, by accepting this legal notice you recognise that the personal information and data are true and correct.<\/p>\n<p>We also inform you that FUNDACI\u00d3N DEL INSTITUTO FERIAL DE A CORU\u00d1A has installed the necessary technical and organisational security measures to guarantee the safety of your personal data and to avoid alteration, loss, storage or unauthorised access to it, as per the technology, nature of the stored data and the risks to which they are exposed, whether from human activity or from the physical or natural environment. All of this complies with what is set out in article 9 of Organic Law 15\/1999 on Personal Data Protection and Royal Decree 1720\/2007 of 21st December as the implementing regulation of said Act.<\/p>\n<p>FUNDACI\u00d3N DEL INSTITUTO FERIAL DE A CORU\u00d1A undertakes to treat your personal data with utmost confidentiality and to only use the data for the stated purposes.<\/p>\n<p><strong>LEGAL DISCLAIMER FOR E-MAIL<\/strong><\/p>\n<p>We hereby inform you, as the recipient of this message, that e-mail and other communication via Internet do not ensure or guarantee the confidentiality, integrity or correct reception of the messages transmitted. EXPOCoru\u00f1a shall not therefore be held responsible for any such circumstances. If you do not consent to the use of communication via Internet we would ask you to get in touch with us and inform us thereof immediately.<\/p>\n<p>This message is intended exclusively for the recipient and contains confidential or inside information, or legally restricted data. If you have received this message by mistake, we would ask you to inform us thereof immediately by means of an e-mail sent to our attention and then to delete this message together with any attachments thereto. Likewise, we would like to inform you that reading, using, publishing, printing and\/or copying this message or any attachments thereto, for whatever reason, is against the law.<\/p>\n<\/div>\n<p>[\/et_pb_text][\/et_pb_column][\/et_pb_row][\/et_pb_section]<\/p>\n","protected":false},"excerpt":{"rendered":"<p>DisclaimerThis is the EXPOCoru\u00f1a web site. EXPOCoru\u00f1a is managed by the Fundaci\u00f3n Instituto Ferial de A Coru\u00f1a (IFECO). Apart from managing EXPOCoru\u00f1a, its mission is to promote and encourage economic activity by regularly holding trade fairs, events and exhibitions, especially in the field of technological innovation, but also other cultural and technical events, domestic and [&hellip;]<\/p>\n","protected":false},"author":1,"featured_media":0,"parent":0,"menu_order":0,"comment_status":"closed","ping_status":"closed","template":"","meta":{"_et_pb_use_builder":"on","_et_pb_old_content":"","_et_gb_content_width":"","footnotes":""},"class_list":["post-1127","page","type-page","status-publish","hentry"],"acf":[],"yoast_head":"<!-- This site is optimized with the Yoast SEO plugin v26.6 - https:\/\/yoast.com\/wordpress\/plugins\/seo\/ -->\n<title>Disclaimer | EXPOCoru\u00f1a<\/title>\n<meta name=\"robots\" content=\"index, follow, max-snippet:-1, max-image-preview:large, max-video-preview:-1\" \/>\n<link rel=\"canonical\" href=\"https:\/\/expocoruna.com\/en\/aviso-legal\/\" \/>\n<meta property=\"og:locale\" content=\"en_US\" \/>\n<meta property=\"og:type\" content=\"article\" \/>\n<meta property=\"og:title\" content=\"Disclaimer | EXPOCoru\u00f1a\" \/>\n<meta property=\"og:description\" content=\"DisclaimerThis is the EXPOCoru\u00f1a web site. EXPOCoru\u00f1a is managed by the Fundaci\u00f3n Instituto Ferial de A Coru\u00f1a (IFECO). Apart from managing EXPOCoru\u00f1a, its mission is to promote and encourage economic activity by regularly holding trade fairs, events and exhibitions, especially in the field of technological innovation, but also other cultural and technical events, domestic and [&hellip;]\" \/>\n<meta property=\"og:url\" content=\"https:\/\/expocoruna.com\/en\/aviso-legal\/\" \/>\n<meta property=\"og:site_name\" content=\"EXPOCoru\u00f1a\" \/>\n<meta property=\"article:modified_time\" content=\"2023-11-29T11:07:27+00:00\" \/>\n<meta name=\"twitter:card\" content=\"summary_large_image\" \/>\n<meta name=\"twitter:label1\" content=\"Est. reading time\" \/>\n\t<meta name=\"twitter:data1\" content=\"8 minutes\" \/>\n<script type=\"application\/ld+json\" class=\"yoast-schema-graph\">{\"@context\":\"https:\/\/schema.org\",\"@graph\":[{\"@type\":\"WebPage\",\"@id\":\"https:\/\/expocoruna.com\/en\/aviso-legal\/\",\"url\":\"https:\/\/expocoruna.com\/en\/aviso-legal\/\",\"name\":\"Disclaimer | EXPOCoru\u00f1a\",\"isPartOf\":{\"@id\":\"https:\/\/expocoruna.com\/#website\"},\"datePublished\":\"2023-11-06T15:42:09+00:00\",\"dateModified\":\"2023-11-29T11:07:27+00:00\",\"breadcrumb\":{\"@id\":\"https:\/\/expocoruna.com\/en\/aviso-legal\/#breadcrumb\"},\"inLanguage\":\"en-US\",\"potentialAction\":[{\"@type\":\"ReadAction\",\"target\":[\"https:\/\/expocoruna.com\/en\/aviso-legal\/\"]}]},{\"@type\":\"BreadcrumbList\",\"@id\":\"https:\/\/expocoruna.com\/en\/aviso-legal\/#breadcrumb\",\"itemListElement\":[{\"@type\":\"ListItem\",\"position\":1,\"name\":\"Portada\",\"item\":\"https:\/\/expocoruna.com\/en\/\"},{\"@type\":\"ListItem\",\"position\":2,\"name\":\"Disclaimer\"}]},{\"@type\":\"WebSite\",\"@id\":\"https:\/\/expocoruna.com\/#website\",\"url\":\"https:\/\/expocoruna.com\/\",\"name\":\"EXPOCoru\u00f1a\",\"description\":\"Somos el escaparate de Galicia\",\"publisher\":{\"@id\":\"https:\/\/expocoruna.com\/#organization\"},\"potentialAction\":[{\"@type\":\"SearchAction\",\"target\":{\"@type\":\"EntryPoint\",\"urlTemplate\":\"https:\/\/expocoruna.com\/?s={search_term_string}\"},\"query-input\":{\"@type\":\"PropertyValueSpecification\",\"valueRequired\":true,\"valueName\":\"search_term_string\"}}],\"inLanguage\":\"en-US\"},{\"@type\":\"Organization\",\"@id\":\"https:\/\/expocoruna.com\/#organization\",\"name\":\"EXPOCoru\u00f1a\",\"url\":\"https:\/\/expocoruna.com\/\",\"logo\":{\"@type\":\"ImageObject\",\"inLanguage\":\"en-US\",\"@id\":\"https:\/\/expocoruna.com\/#\/schema\/logo\/image\/\",\"url\":\"https:\/\/expocoruna.com\/wp-content\/uploads\/2023\/11\/logo-expocoruna-rojo.svg\",\"contentUrl\":\"https:\/\/expocoruna.com\/wp-content\/uploads\/2023\/11\/logo-expocoruna-rojo.svg\",\"width\":577,\"height\":229,\"caption\":\"EXPOCoru\u00f1a\"},\"image\":{\"@id\":\"https:\/\/expocoruna.com\/#\/schema\/logo\/image\/\"}}]}<\/script>\n<!-- \/ Yoast SEO plugin. -->","yoast_head_json":{"title":"Disclaimer | EXPOCoru\u00f1a","robots":{"index":"index","follow":"follow","max-snippet":"max-snippet:-1","max-image-preview":"max-image-preview:large","max-video-preview":"max-video-preview:-1"},"canonical":"https:\/\/expocoruna.com\/en\/aviso-legal\/","og_locale":"en_US","og_type":"article","og_title":"Disclaimer | EXPOCoru\u00f1a","og_description":"DisclaimerThis is the EXPOCoru\u00f1a web site. EXPOCoru\u00f1a is managed by the Fundaci\u00f3n Instituto Ferial de A Coru\u00f1a (IFECO). Apart from managing EXPOCoru\u00f1a, its mission is to promote and encourage economic activity by regularly holding trade fairs, events and exhibitions, especially in the field of technological innovation, but also other cultural and technical events, domestic and [&hellip;]","og_url":"https:\/\/expocoruna.com\/en\/aviso-legal\/","og_site_name":"EXPOCoru\u00f1a","article_modified_time":"2023-11-29T11:07:27+00:00","twitter_card":"summary_large_image","twitter_misc":{"Est. reading time":"8 minutes"},"schema":{"@context":"https:\/\/schema.org","@graph":[{"@type":"WebPage","@id":"https:\/\/expocoruna.com\/en\/aviso-legal\/","url":"https:\/\/expocoruna.com\/en\/aviso-legal\/","name":"Disclaimer | EXPOCoru\u00f1a","isPartOf":{"@id":"https:\/\/expocoruna.com\/#website"},"datePublished":"2023-11-06T15:42:09+00:00","dateModified":"2023-11-29T11:07:27+00:00","breadcrumb":{"@id":"https:\/\/expocoruna.com\/en\/aviso-legal\/#breadcrumb"},"inLanguage":"en-US","potentialAction":[{"@type":"ReadAction","target":["https:\/\/expocoruna.com\/en\/aviso-legal\/"]}]},{"@type":"BreadcrumbList","@id":"https:\/\/expocoruna.com\/en\/aviso-legal\/#breadcrumb","itemListElement":[{"@type":"ListItem","position":1,"name":"Portada","item":"https:\/\/expocoruna.com\/en\/"},{"@type":"ListItem","position":2,"name":"Disclaimer"}]},{"@type":"WebSite","@id":"https:\/\/expocoruna.com\/#website","url":"https:\/\/expocoruna.com\/","name":"EXPOCoru\u00f1a","description":"Somos el escaparate de Galicia","publisher":{"@id":"https:\/\/expocoruna.com\/#organization"},"potentialAction":[{"@type":"SearchAction","target":{"@type":"EntryPoint","urlTemplate":"https:\/\/expocoruna.com\/?s={search_term_string}"},"query-input":{"@type":"PropertyValueSpecification","valueRequired":true,"valueName":"search_term_string"}}],"inLanguage":"en-US"},{"@type":"Organization","@id":"https:\/\/expocoruna.com\/#organization","name":"EXPOCoru\u00f1a","url":"https:\/\/expocoruna.com\/","logo":{"@type":"ImageObject","inLanguage":"en-US","@id":"https:\/\/expocoruna.com\/#\/schema\/logo\/image\/","url":"https:\/\/expocoruna.com\/wp-content\/uploads\/2023\/11\/logo-expocoruna-rojo.svg","contentUrl":"https:\/\/expocoruna.com\/wp-content\/uploads\/2023\/11\/logo-expocoruna-rojo.svg","width":577,"height":229,"caption":"EXPOCoru\u00f1a"},"image":{"@id":"https:\/\/expocoruna.com\/#\/schema\/logo\/image\/"}}]}},"_links":{"self":[{"href":"https:\/\/expocoruna.com\/en\/wp-json\/wp\/v2\/pages\/1127","targetHints":{"allow":["GET"]}}],"collection":[{"href":"https:\/\/expocoruna.com\/en\/wp-json\/wp\/v2\/pages"}],"about":[{"href":"https:\/\/expocoruna.com\/en\/wp-json\/wp\/v2\/types\/page"}],"author":[{"embeddable":true,"href":"https:\/\/expocoruna.com\/en\/wp-json\/wp\/v2\/users\/1"}],"replies":[{"embeddable":true,"href":"https:\/\/expocoruna.com\/en\/wp-json\/wp\/v2\/comments?post=1127"}],"version-history":[{"count":3,"href":"https:\/\/expocoruna.com\/en\/wp-json\/wp\/v2\/pages\/1127\/revisions"}],"predecessor-version":[{"id":1220,"href":"https:\/\/expocoruna.com\/en\/wp-json\/wp\/v2\/pages\/1127\/revisions\/1220"}],"wp:attachment":[{"href":"https:\/\/expocoruna.com\/en\/wp-json\/wp\/v2\/media?parent=1127"}],"curies":[{"name":"wp","href":"https:\/\/api.w.org\/{rel}","templated":true}]}}